{"id":6142,"date":"2025-10-27T06:32:54","date_gmt":"2025-10-27T06:32:54","guid":{"rendered":"https:\/\/www.fairwaysofeden.com\/?page_id=6142"},"modified":"2026-03-18T03:49:57","modified_gmt":"2026-03-18T03:49:57","slug":"golfplatze-in-khao-yai","status":"publish","type":"page","link":"https:\/\/www.fairwaysofeden.com\/de\/golf-courses-in-thailand\/khao-yai-golf-courses\/","title":{"rendered":"Golfpl\u00e4tze in Khao Yai \u2013 Startzeiten &amp; Greenfees sicher buchen"},"content":{"rendered":"","protected":false},"excerpt":{"rendered":"","protected":false},"author":7,"featured_media":0,"parent":2603,"menu_order":0,"comment_status":"closed","ping_status":"closed","template":"template_pages\/Tee Time -destinations.php","meta":{"_acf_changed":false,"footnotes":""},"class_list":["post-6142","page","type-page","status-publish","hentry","entry"],"acf":[],"yoast_head":"<!-- This site is optimized with the Yoast SEO plugin v27.2 - https:\/\/yoast.com\/product\/yoast-seo-wordpress\/ -->\n<title>Golf Booking Khao Yai | Book Tee Times &amp; Green Fees in Thailand<\/title>\n<meta name=\"description\" content=\"Book golf tee times in Khao Yai with Fairways of Eden. Compare green fee options for Khao Yai golf courses and enjoy seamless golf booking.\" \/>\n<meta name=\"robots\" content=\"index, follow, max-snippet:-1, max-image-preview:large, max-video-preview:-1\" \/>\n<link rel=\"canonical\" href=\"https:\/\/www.fairwaysofeden.com\/de\/beste-golfplaetze-thailand\/golfplatze-in-khao-yai\/\" \/>\n<meta property=\"og:locale\" content=\"de_DE\" \/>\n<meta property=\"og:type\" content=\"article\" \/>\n<meta property=\"og:title\" content=\"Golf Booking Khao Yai | Book Tee Times &amp; Green Fees in Thailand\" \/>\n<meta property=\"og:description\" content=\"Book golf tee times in Khao Yai with Fairways of Eden. Compare green fee options for Khao Yai golf courses and enjoy seamless golf booking.\" \/>\n<meta property=\"og:url\" content=\"https:\/\/www.fairwaysofeden.com\/de\/beste-golfplaetze-thailand\/golfplatze-in-khao-yai\/\" \/>\n<meta property=\"og:site_name\" content=\"Fairways of Eden\" \/>\n<meta property=\"article:publisher\" content=\"https:\/\/www.facebook.com\/people\/Fairways-of-Eden\/61560298346080\/\" \/>\n<meta property=\"article:modified_time\" content=\"2026-03-18T03:49:57+00:00\" \/>\n<meta property=\"og:image\" content=\"https:\/\/www.fairwaysofeden.com\/wp-content\/uploads\/2025\/12\/fairways-of-eden-social-preview.jpg\" \/>\n\t<meta property=\"og:image:width\" content=\"1200\" \/>\n\t<meta property=\"og:image:height\" content=\"630\" \/>\n\t<meta property=\"og:image:type\" content=\"image\/jpeg\" \/>\n<meta name=\"twitter:card\" content=\"summary_large_image\" \/>\n<script type=\"application\/ld+json\" class=\"yoast-schema-graph\">{\"@context\":\"https:\/\/schema.org\",\"@graph\":[{\"@type\":\"WebPage\",\"@id\":\"https:\/\/www.fairwaysofeden.com\/golf-courses-in-thailand\/khao-yai-golf-courses\/\",\"url\":\"https:\/\/www.fairwaysofeden.com\/golf-courses-in-thailand\/khao-yai-golf-courses\/\",\"name\":\"Golf Booking Khao Yai | Book Tee Times & Green Fees in Thailand\",\"isPartOf\":{\"@id\":\"https:\/\/www.fairwaysofeden.com\/#website\"},\"datePublished\":\"2025-10-27T06:32:54+00:00\",\"dateModified\":\"2026-03-18T03:49:57+00:00\",\"description\":\"Book golf tee times in Khao Yai with Fairways of Eden. Compare green fee options for Khao Yai golf courses and enjoy seamless golf booking.\",\"breadcrumb\":{\"@id\":\"https:\/\/www.fairwaysofeden.com\/golf-courses-in-thailand\/khao-yai-golf-courses\/#breadcrumb\"},\"inLanguage\":\"de\",\"potentialAction\":[{\"@type\":\"ReadAction\",\"target\":[\"https:\/\/www.fairwaysofeden.com\/golf-courses-in-thailand\/khao-yai-golf-courses\/\"]}]},{\"@type\":\"BreadcrumbList\",\"@id\":\"https:\/\/www.fairwaysofeden.com\/golf-courses-in-thailand\/khao-yai-golf-courses\/#breadcrumb\",\"itemListElement\":[{\"@type\":\"ListItem\",\"position\":1,\"name\":\"Home\",\"item\":\"https:\/\/www.fairwaysofeden.com\/\"},{\"@type\":\"ListItem\",\"position\":2,\"name\":\"Our Golf Courses\",\"item\":\"https:\/\/www.fairwaysofeden.com\/golf-courses-in-thailand\/\"},{\"@type\":\"ListItem\",\"position\":3,\"name\":\"Khao Yai Golf Courses \u2013 Book Tee Times &#038; Green Fees with Confidence\"}]},{\"@type\":\"WebSite\",\"@id\":\"https:\/\/www.fairwaysofeden.com\/#website\",\"url\":\"https:\/\/www.fairwaysofeden.com\/\",\"name\":\"Fairways of Eden\",\"description\":\"Book Tee Times &amp; Golf Trips to Thailand\",\"publisher\":{\"@id\":\"https:\/\/www.fairwaysofeden.com\/#organization\"},\"potentialAction\":[{\"@type\":\"SearchAction\",\"target\":{\"@type\":\"EntryPoint\",\"urlTemplate\":\"https:\/\/www.fairwaysofeden.com\/?s={search_term_string}\"},\"query-input\":{\"@type\":\"PropertyValueSpecification\",\"valueRequired\":true,\"valueName\":\"search_term_string\"}}],\"inLanguage\":\"de\"},{\"@type\":\"Organization\",\"@id\":\"https:\/\/www.fairwaysofeden.com\/#organization\",\"name\":\"Fairways of Eden\",\"url\":\"https:\/\/www.fairwaysofeden.com\/\",\"logo\":{\"@type\":\"ImageObject\",\"inLanguage\":\"de\",\"@id\":\"https:\/\/www.fairwaysofeden.com\/#\/schema\/logo\/image\/\",\"url\":\"https:\/\/www.fairwaysofeden.com\/wp-content\/uploads\/2024\/07\/FairwaysOfEden-Logo-400x400-1.png\",\"contentUrl\":\"https:\/\/www.fairwaysofeden.com\/wp-content\/uploads\/2024\/07\/FairwaysOfEden-Logo-400x400-1.png\",\"width\":400,\"height\":387,\"caption\":\"Fairways of Eden\"},\"image\":{\"@id\":\"https:\/\/www.fairwaysofeden.com\/#\/schema\/logo\/image\/\"},\"sameAs\":[\"https:\/\/www.facebook.com\/people\/Fairways-of-Eden\/61560298346080\/\",\"https:\/\/www.instagram.com\/fairwaysofeden\/\",\"https:\/\/th.linkedin.com\/company\/fairways-of-eden\",\"https:\/\/www.tiktok.com\/@fairways.of.eden\"]}]}<\/script>\n<!-- \/ Yoast SEO plugin. -->","yoast_head_json":{"title":"Golfplatzbuchung in Khao Yai | Reservieren Sie Ihre Startzeiten und Greenfees in Thailand","description":"Buchen Sie Ihre Abschlagszeiten in Khao Yai mit Fairways of Eden. Vergleichen Sie die Greenfee-Optionen f\u00fcr die Golfpl\u00e4tze in Khao Yai und genie\u00dfen Sie eine reibungslose Golfbuchung.","robots":{"index":"index","follow":"follow","max-snippet":"max-snippet:-1","max-image-preview":"max-image-preview:large","max-video-preview":"max-video-preview:-1"},"canonical":"https:\/\/www.fairwaysofeden.com\/de\/beste-golfplaetze-thailand\/golfplatze-in-khao-yai\/","og_locale":"de_DE","og_type":"article","og_title":"Golf Booking Khao Yai | Book Tee Times & Green Fees in Thailand","og_description":"Book golf tee times in Khao Yai with Fairways of Eden. Compare green fee options for Khao Yai golf courses and enjoy seamless golf booking.","og_url":"https:\/\/www.fairwaysofeden.com\/de\/beste-golfplaetze-thailand\/golfplatze-in-khao-yai\/","og_site_name":"Fairways of Eden","article_publisher":"https:\/\/www.facebook.com\/people\/Fairways-of-Eden\/61560298346080\/","article_modified_time":"2026-03-18T03:49:57+00:00","og_image":[{"width":1200,"height":630,"url":"https:\/\/www.fairwaysofeden.com\/wp-content\/uploads\/2025\/12\/fairways-of-eden-social-preview.jpg","type":"image\/jpeg"}],"twitter_card":"summary_large_image","schema":{"@context":"https:\/\/schema.org","@graph":[{"@type":"WebPage","@id":"https:\/\/www.fairwaysofeden.com\/golf-courses-in-thailand\/khao-yai-golf-courses\/","url":"https:\/\/www.fairwaysofeden.com\/golf-courses-in-thailand\/khao-yai-golf-courses\/","name":"Golfplatzbuchung in Khao Yai | Reservieren Sie Ihre Startzeiten und Greenfees in Thailand","isPartOf":{"@id":"https:\/\/www.fairwaysofeden.com\/#website"},"datePublished":"2025-10-27T06:32:54+00:00","dateModified":"2026-03-18T03:49:57+00:00","description":"Buchen Sie Ihre Abschlagszeiten in Khao Yai mit Fairways of Eden. Vergleichen Sie die Greenfee-Optionen f\u00fcr die Golfpl\u00e4tze in Khao Yai und genie\u00dfen Sie eine reibungslose Golfbuchung.","breadcrumb":{"@id":"https:\/\/www.fairwaysofeden.com\/golf-courses-in-thailand\/khao-yai-golf-courses\/#breadcrumb"},"inLanguage":"de","potentialAction":[{"@type":"ReadAction","target":["https:\/\/www.fairwaysofeden.com\/golf-courses-in-thailand\/khao-yai-golf-courses\/"]}]},{"@type":"BreadcrumbList","@id":"https:\/\/www.fairwaysofeden.com\/golf-courses-in-thailand\/khao-yai-golf-courses\/#breadcrumb","itemListElement":[{"@type":"ListItem","position":1,"name":"Home","item":"https:\/\/www.fairwaysofeden.com\/"},{"@type":"ListItem","position":2,"name":"Our Golf Courses","item":"https:\/\/www.fairwaysofeden.com\/golf-courses-in-thailand\/"},{"@type":"ListItem","position":3,"name":"Khao Yai Golf Courses \u2013 Book Tee Times &#038; Green Fees with Confidence"}]},{"@type":"WebSite","@id":"https:\/\/www.fairwaysofeden.com\/#website","url":"https:\/\/www.fairwaysofeden.com\/","name":"Fairways of Eden","description":"Book Tee Times &amp; Golf Trips to Thailand","publisher":{"@id":"https:\/\/www.fairwaysofeden.com\/#organization"},"potentialAction":[{"@type":"SearchAction","target":{"@type":"EntryPoint","urlTemplate":"https:\/\/www.fairwaysofeden.com\/?s={search_term_string}"},"query-input":{"@type":"PropertyValueSpecification","valueRequired":true,"valueName":"search_term_string"}}],"inLanguage":"de"},{"@type":"Organization","@id":"https:\/\/www.fairwaysofeden.com\/#organization","name":"Fairways of Eden","url":"https:\/\/www.fairwaysofeden.com\/","logo":{"@type":"ImageObject","inLanguage":"de","@id":"https:\/\/www.fairwaysofeden.com\/#\/schema\/logo\/image\/","url":"https:\/\/www.fairwaysofeden.com\/wp-content\/uploads\/2024\/07\/FairwaysOfEden-Logo-400x400-1.png","contentUrl":"https:\/\/www.fairwaysofeden.com\/wp-content\/uploads\/2024\/07\/FairwaysOfEden-Logo-400x400-1.png","width":400,"height":387,"caption":"Fairways of Eden"},"image":{"@id":"https:\/\/www.fairwaysofeden.com\/#\/schema\/logo\/image\/"},"sameAs":["https:\/\/www.facebook.com\/people\/Fairways-of-Eden\/61560298346080\/","https:\/\/www.instagram.com\/fairwaysofeden\/","https:\/\/th.linkedin.com\/company\/fairways-of-eden","https:\/\/www.tiktok.com\/@fairways.of.eden"]}]}},"_links":{"self":[{"href":"https:\/\/www.fairwaysofeden.com\/de\/wp-json\/wp\/v2\/pages\/6142","targetHints":{"allow":["GET"]}}],"collection":[{"href":"https:\/\/www.fairwaysofeden.com\/de\/wp-json\/wp\/v2\/pages"}],"about":[{"href":"https:\/\/www.fairwaysofeden.com\/de\/wp-json\/wp\/v2\/types\/page"}],"author":[{"embeddable":true,"href":"https:\/\/www.fairwaysofeden.com\/de\/wp-json\/wp\/v2\/users\/7"}],"replies":[{"embeddable":true,"href":"https:\/\/www.fairwaysofeden.com\/de\/wp-json\/wp\/v2\/comments?post=6142"}],"version-history":[{"count":14,"href":"https:\/\/www.fairwaysofeden.com\/de\/wp-json\/wp\/v2\/pages\/6142\/revisions"}],"predecessor-version":[{"id":10244,"href":"https:\/\/www.fairwaysofeden.com\/de\/wp-json\/wp\/v2\/pages\/6142\/revisions\/10244"}],"up":[{"embeddable":true,"href":"https:\/\/www.fairwaysofeden.com\/de\/wp-json\/wp\/v2\/pages\/2603"}],"wp:attachment":[{"href":"https:\/\/www.fairwaysofeden.com\/de\/wp-json\/wp\/v2\/media?parent=6142"}],"curies":[{"name":"wp","href":"https:\/\/api.w.org\/{rel}","templated":true}]}}