{"id":162,"date":"2024-05-01T05:00:29","date_gmt":"2024-05-01T05:00:29","guid":{"rendered":"https:\/\/fairwaysofeden.com\/?post_type=product&#038;p=162"},"modified":"2026-03-05T14:50:22","modified_gmt":"2026-03-05T14:50:22","slug":"lochpalm-phuket","status":"publish","type":"product","link":"https:\/\/www.fairwaysofeden.com\/de\/product\/lochpalm-phuket\/","title":{"rendered":"Laguna Golf Phuket"},"content":{"rendered":"<p>Der Golfplatz im renommierten Laguna Phuket Resort bietet ein landschaftlich reizvolles und strategisch anspruchsvolles Golferlebnis. Er schl\u00e4ngelt sich durch Lagunen und Kokospalmenhaine und pr\u00e4sentiert eine abwechslungsreiche Mischung aus Wasserhindernissen und welligen Fairways, die Golfer aller Spielst\u00e4rken herausfordern. Die ersten neun L\u00f6cher bestechen durch \u00fcppige tropische Vegetation, w\u00e4hrend die zweiten neun L\u00f6cher in Kokospalmenhaine und Sandbunker \u00fcbergehen und so f\u00fcr abwechslungsreiche Landschaften und vielf\u00e4ltige Schlagm\u00f6glichkeiten sorgen. Pr\u00e4zision und Strategie stehen im Vordergrund; durchdachtes Spiel wird mehr belohnt als pure Kraft.<\/p>\n<p>Eckdaten: Errichtet 1993; neu gestaltet 2014, Par 71, 6.756 Yards<br \/>\nSignature Hole: Das Par-4-Loch 9 bietet einen anspruchsvollen Ann\u00e4herungsschlag auf ein Inselgr\u00fcn, der Pr\u00e4zision und Kontrolle erfordert.<br \/>\nBesonderheiten: Der Kurs integriert nat\u00fcrliche Gew\u00e4sser und alte B\u00e4ume und bietet so eine harmonische Mischung aus Herausforderung und Sch\u00f6nheit.<\/p>\n<p>Ihre Golfbuchung beinhaltet einen bequemen Hoteltransfer. Auf dem Golfplatz deckt Ihr Paket die Caddygeb\u00fchr und die Nutzung eines Golfcarts ab.<\/p>\n<p><a style=\"font-weight: 600; color: #007cba; text-decoration: none;\" href=\"https:\/\/www.fairwaysofeden.com\/de\/beste-golfplaetze-thailand\/golfplatze-in-phuket\/laguna-golf-phuket\/\" target=\"_blank\" rel=\"noopener noreferrer\"><br \/>\nSie m\u00f6chten mehr \u00fcber Laguna Golf Phuket erfahren? Folgen Sie diesem Link, um alle Details zu erhalten \u2192<br \/>\n<\/a><\/p>","protected":false},"excerpt":{"rendered":"<p>offers a scenic and strategic golfing experience within the renowned Laguna Phuket Resort. The course meanders through lagoons and coconut groves, presenting a blend of water features and undulating fairways that challenge golfers of all skill levels. The front nine showcases lush tropical foliage, while the back nine transitions into coconut groves and sand bunkers,&hellip; <a class=\"more-link\" href=\"https:\/\/www.fairwaysofeden.com\/de\/product\/lochpalm-phuket\/\">Weiterlesen <span class=\"screen-reader-text\">Laguna Golf Phuket<\/span><\/a><\/p>","protected":false},"featured_media":741,"comment_status":"open","ping_status":"closed","template":"","meta":{"_acf_changed":false},"product_brand":[],"product_cat":[21,24],"product_tag":[],"class_list":{"0":"post-162","1":"product","2":"type-product","3":"status-publish","4":"has-post-thumbnail","6":"product_cat-golf-course","7":"product_cat-phuket","8":"entry","10":"first","11":"instock","12":"sale","13":"featured","14":"taxable","15":"shipping-taxable","16":"purchasable","17":"product-type-simple"},"acf":[],"yoast_head":"<!-- This site is optimized with the Yoast SEO plugin v27.2 - https:\/\/yoast.com\/product\/yoast-seo-wordpress\/ -->\n<title>Laguna Golf Phuket \u2013 Green Fee with Cart &amp; Caddy | 18 Holes<\/title>\n<meta name=\"description\" content=\"Play 18 holes at Laguna Golf Phuket. Package includes green fee, caddy, and golf cart. A strategic course set among lagoons and tropical trees.\" \/>\n<meta name=\"robots\" content=\"noindex, follow\" \/>\n<meta property=\"og:locale\" content=\"de_DE\" \/>\n<meta property=\"og:type\" content=\"article\" \/>\n<meta property=\"og:title\" content=\"Laguna Golf Phuket \u2013 Green Fee with Cart &amp; Caddy | 18 Holes\" \/>\n<meta property=\"og:description\" content=\"Play 18 holes at Laguna Golf Phuket. Package includes green fee, caddy, and golf cart. A strategic course set among lagoons and tropical trees.\" \/>\n<meta property=\"og:url\" content=\"https:\/\/www.fairwaysofeden.com\/de\/beste-golfplaetze-thailand\/golfplatze-in-phuket\/laguna-golf-phuket\/\" \/>\n<meta property=\"og:site_name\" content=\"Fairways of Eden\" \/>\n<meta property=\"article:publisher\" content=\"https:\/\/www.facebook.com\/people\/Fairways-of-Eden\/61560298346080\/\" \/>\n<meta property=\"article:modified_time\" content=\"2026-03-05T14:50:22+00:00\" \/>\n<meta property=\"og:image\" content=\"https:\/\/www.fairwaysofeden.com\/wp-content\/uploads\/2024\/05\/FairwaysOfEden_LagunaGolf_Header.jpg.jpg\" \/>\n\t<meta property=\"og:image:width\" content=\"554\" \/>\n\t<meta property=\"og:image:height\" content=\"192\" \/>\n\t<meta property=\"og:image:type\" content=\"image\/jpeg\" \/>\n<meta name=\"twitter:card\" content=\"summary_large_image\" \/>\n<meta name=\"twitter:label1\" content=\"Gesch\u00e4tzte Lesezeit\" \/>\n\t<meta name=\"twitter:data1\" content=\"1\u00a0Minute\" \/>\n<script type=\"application\/ld+json\" class=\"yoast-schema-graph\">{\"@context\":\"https:\/\/schema.org\",\"@graph\":[{\"@type\":\"WebPage\",\"@id\":\"https:\/\/www.fairwaysofeden.com\/product\/lochpalm-phuket\/\",\"url\":\"https:\/\/www.fairwaysofeden.com\/golf-courses-in-thailand\/phuket-golf-courses\/laguna-golf-phuket\/\",\"name\":\"Laguna Golf Phuket \u2013 Green Fee with Cart & Caddy | 18 Holes\",\"isPartOf\":{\"@id\":\"https:\/\/www.fairwaysofeden.com\/#website\"},\"primaryImageOfPage\":{\"@id\":\"https:\/\/www.fairwaysofeden.com\/golf-courses-in-thailand\/phuket-golf-courses\/laguna-golf-phuket\/#primaryimage\"},\"image\":{\"@id\":\"https:\/\/www.fairwaysofeden.com\/golf-courses-in-thailand\/phuket-golf-courses\/laguna-golf-phuket\/#primaryimage\"},\"thumbnailUrl\":\"https:\/\/www.fairwaysofeden.com\/wp-content\/uploads\/2024\/05\/FairwaysOfEden_LagunaGolf_Header.jpg.jpg\",\"datePublished\":\"2024-05-01T05:00:29+00:00\",\"dateModified\":\"2026-03-05T14:50:22+00:00\",\"description\":\"Play 18 holes at Laguna Golf Phuket. Package includes green fee, caddy, and golf cart. A strategic course set among lagoons and tropical trees.\",\"breadcrumb\":{\"@id\":\"https:\/\/www.fairwaysofeden.com\/golf-courses-in-thailand\/phuket-golf-courses\/laguna-golf-phuket\/#breadcrumb\"},\"inLanguage\":\"de\",\"potentialAction\":[{\"@type\":\"ReadAction\",\"target\":[\"https:\/\/www.fairwaysofeden.com\/golf-courses-in-thailand\/phuket-golf-courses\/laguna-golf-phuket\/\"]}]},{\"@type\":\"ImageObject\",\"inLanguage\":\"de\",\"@id\":\"https:\/\/www.fairwaysofeden.com\/golf-courses-in-thailand\/phuket-golf-courses\/laguna-golf-phuket\/#primaryimage\",\"url\":\"https:\/\/www.fairwaysofeden.com\/wp-content\/uploads\/2024\/05\/FairwaysOfEden_LagunaGolf_Header.jpg.jpg\",\"contentUrl\":\"https:\/\/www.fairwaysofeden.com\/wp-content\/uploads\/2024\/05\/FairwaysOfEden_LagunaGolf_Header.jpg.jpg\",\"width\":554,\"height\":192,\"caption\":\"Laguna Golf Phuket\"},{\"@type\":\"BreadcrumbList\",\"@id\":\"https:\/\/www.fairwaysofeden.com\/golf-courses-in-thailand\/phuket-golf-courses\/laguna-golf-phuket\/#breadcrumb\",\"itemListElement\":[{\"@type\":\"ListItem\",\"position\":1,\"name\":\"Home\",\"item\":\"https:\/\/www.fairwaysofeden.com\/\"},{\"@type\":\"ListItem\",\"position\":2,\"name\":\"Laguna Golf Phuket\"}]},{\"@type\":\"WebSite\",\"@id\":\"https:\/\/www.fairwaysofeden.com\/#website\",\"url\":\"https:\/\/www.fairwaysofeden.com\/\",\"name\":\"Fairways of Eden\",\"description\":\"Book Tee Times &amp; Golf Trips to Thailand\",\"publisher\":{\"@id\":\"https:\/\/www.fairwaysofeden.com\/#organization\"},\"potentialAction\":[{\"@type\":\"SearchAction\",\"target\":{\"@type\":\"EntryPoint\",\"urlTemplate\":\"https:\/\/www.fairwaysofeden.com\/?s={search_term_string}\"},\"query-input\":{\"@type\":\"PropertyValueSpecification\",\"valueRequired\":true,\"valueName\":\"search_term_string\"}}],\"inLanguage\":\"de\"},{\"@type\":\"Organization\",\"@id\":\"https:\/\/www.fairwaysofeden.com\/#organization\",\"name\":\"Fairways of Eden\",\"url\":\"https:\/\/www.fairwaysofeden.com\/\",\"logo\":{\"@type\":\"ImageObject\",\"inLanguage\":\"de\",\"@id\":\"https:\/\/www.fairwaysofeden.com\/#\/schema\/logo\/image\/\",\"url\":\"https:\/\/www.fairwaysofeden.com\/wp-content\/uploads\/2024\/07\/FairwaysOfEden-Logo-400x400-1.png\",\"contentUrl\":\"https:\/\/www.fairwaysofeden.com\/wp-content\/uploads\/2024\/07\/FairwaysOfEden-Logo-400x400-1.png\",\"width\":400,\"height\":387,\"caption\":\"Fairways of Eden\"},\"image\":{\"@id\":\"https:\/\/www.fairwaysofeden.com\/#\/schema\/logo\/image\/\"},\"sameAs\":[\"https:\/\/www.facebook.com\/people\/Fairways-of-Eden\/61560298346080\/\",\"https:\/\/www.instagram.com\/fairwaysofeden\/\",\"https:\/\/th.linkedin.com\/company\/fairways-of-eden\",\"https:\/\/www.tiktok.com\/@fairways.of.eden\"]}]}<\/script>\n<!-- \/ Yoast SEO plugin. -->","yoast_head_json":{"title":"Laguna Golf Phuket \u2013 Green Fee with Cart & Caddy | 18 Holes","description":"Play 18 holes at Laguna Golf Phuket. Package includes green fee, caddy, and golf cart. A strategic course set among lagoons and tropical trees.","robots":{"index":"noindex","follow":"follow"},"og_locale":"de_DE","og_type":"article","og_title":"Laguna Golf Phuket \u2013 Green Fee with Cart & Caddy | 18 Holes","og_description":"Play 18 holes at Laguna Golf Phuket. Package includes green fee, caddy, and golf cart. A strategic course set among lagoons and tropical trees.","og_url":"https:\/\/www.fairwaysofeden.com\/de\/beste-golfplaetze-thailand\/golfplatze-in-phuket\/laguna-golf-phuket\/","og_site_name":"Fairways of Eden","article_publisher":"https:\/\/www.facebook.com\/people\/Fairways-of-Eden\/61560298346080\/","article_modified_time":"2026-03-05T14:50:22+00:00","og_image":[{"width":554,"height":192,"url":"https:\/\/www.fairwaysofeden.com\/wp-content\/uploads\/2024\/05\/FairwaysOfEden_LagunaGolf_Header.jpg.jpg","type":"image\/jpeg"}],"twitter_card":"summary_large_image","twitter_misc":{"Gesch\u00e4tzte Lesezeit":"1\u00a0Minute"},"schema":{"@context":"https:\/\/schema.org","@graph":[{"@type":"WebPage","@id":"https:\/\/www.fairwaysofeden.com\/product\/lochpalm-phuket\/","url":"https:\/\/www.fairwaysofeden.com\/golf-courses-in-thailand\/phuket-golf-courses\/laguna-golf-phuket\/","name":"Laguna Golf Phuket \u2013 Green Fee with Cart & Caddy | 18 Holes","isPartOf":{"@id":"https:\/\/www.fairwaysofeden.com\/#website"},"primaryImageOfPage":{"@id":"https:\/\/www.fairwaysofeden.com\/golf-courses-in-thailand\/phuket-golf-courses\/laguna-golf-phuket\/#primaryimage"},"image":{"@id":"https:\/\/www.fairwaysofeden.com\/golf-courses-in-thailand\/phuket-golf-courses\/laguna-golf-phuket\/#primaryimage"},"thumbnailUrl":"https:\/\/www.fairwaysofeden.com\/wp-content\/uploads\/2024\/05\/FairwaysOfEden_LagunaGolf_Header.jpg.jpg","datePublished":"2024-05-01T05:00:29+00:00","dateModified":"2026-03-05T14:50:22+00:00","description":"Play 18 holes at Laguna Golf Phuket. Package includes green fee, caddy, and golf cart. A strategic course set among lagoons and tropical trees.","breadcrumb":{"@id":"https:\/\/www.fairwaysofeden.com\/golf-courses-in-thailand\/phuket-golf-courses\/laguna-golf-phuket\/#breadcrumb"},"inLanguage":"de","potentialAction":[{"@type":"ReadAction","target":["https:\/\/www.fairwaysofeden.com\/golf-courses-in-thailand\/phuket-golf-courses\/laguna-golf-phuket\/"]}]},{"@type":"ImageObject","inLanguage":"de","@id":"https:\/\/www.fairwaysofeden.com\/golf-courses-in-thailand\/phuket-golf-courses\/laguna-golf-phuket\/#primaryimage","url":"https:\/\/www.fairwaysofeden.com\/wp-content\/uploads\/2024\/05\/FairwaysOfEden_LagunaGolf_Header.jpg.jpg","contentUrl":"https:\/\/www.fairwaysofeden.com\/wp-content\/uploads\/2024\/05\/FairwaysOfEden_LagunaGolf_Header.jpg.jpg","width":554,"height":192,"caption":"Laguna Golf Phuket"},{"@type":"BreadcrumbList","@id":"https:\/\/www.fairwaysofeden.com\/golf-courses-in-thailand\/phuket-golf-courses\/laguna-golf-phuket\/#breadcrumb","itemListElement":[{"@type":"ListItem","position":1,"name":"Home","item":"https:\/\/www.fairwaysofeden.com\/"},{"@type":"ListItem","position":2,"name":"Laguna Golf Phuket"}]},{"@type":"WebSite","@id":"https:\/\/www.fairwaysofeden.com\/#website","url":"https:\/\/www.fairwaysofeden.com\/","name":"Fairways of Eden","description":"Book Tee Times &amp; Golf Trips to Thailand","publisher":{"@id":"https:\/\/www.fairwaysofeden.com\/#organization"},"potentialAction":[{"@type":"SearchAction","target":{"@type":"EntryPoint","urlTemplate":"https:\/\/www.fairwaysofeden.com\/?s={search_term_string}"},"query-input":{"@type":"PropertyValueSpecification","valueRequired":true,"valueName":"search_term_string"}}],"inLanguage":"de"},{"@type":"Organization","@id":"https:\/\/www.fairwaysofeden.com\/#organization","name":"Fairways of Eden","url":"https:\/\/www.fairwaysofeden.com\/","logo":{"@type":"ImageObject","inLanguage":"de","@id":"https:\/\/www.fairwaysofeden.com\/#\/schema\/logo\/image\/","url":"https:\/\/www.fairwaysofeden.com\/wp-content\/uploads\/2024\/07\/FairwaysOfEden-Logo-400x400-1.png","contentUrl":"https:\/\/www.fairwaysofeden.com\/wp-content\/uploads\/2024\/07\/FairwaysOfEden-Logo-400x400-1.png","width":400,"height":387,"caption":"Fairways of Eden"},"image":{"@id":"https:\/\/www.fairwaysofeden.com\/#\/schema\/logo\/image\/"},"sameAs":["https:\/\/www.facebook.com\/people\/Fairways-of-Eden\/61560298346080\/","https:\/\/www.instagram.com\/fairwaysofeden\/","https:\/\/th.linkedin.com\/company\/fairways-of-eden","https:\/\/www.tiktok.com\/@fairways.of.eden"]}]}},"_links":{"self":[{"href":"https:\/\/www.fairwaysofeden.com\/de\/wp-json\/wp\/v2\/product\/162","targetHints":{"allow":["GET"]}}],"collection":[{"href":"https:\/\/www.fairwaysofeden.com\/de\/wp-json\/wp\/v2\/product"}],"about":[{"href":"https:\/\/www.fairwaysofeden.com\/de\/wp-json\/wp\/v2\/types\/product"}],"replies":[{"embeddable":true,"href":"https:\/\/www.fairwaysofeden.com\/de\/wp-json\/wp\/v2\/comments?post=162"}],"wp:featuredmedia":[{"embeddable":true,"href":"https:\/\/www.fairwaysofeden.com\/de\/wp-json\/wp\/v2\/media\/741"}],"wp:attachment":[{"href":"https:\/\/www.fairwaysofeden.com\/de\/wp-json\/wp\/v2\/media?parent=162"}],"wp:term":[{"taxonomy":"product_brand","embeddable":true,"href":"https:\/\/www.fairwaysofeden.com\/de\/wp-json\/wp\/v2\/product_brand?post=162"},{"taxonomy":"product_cat","embeddable":true,"href":"https:\/\/www.fairwaysofeden.com\/de\/wp-json\/wp\/v2\/product_cat?post=162"},{"taxonomy":"product_tag","embeddable":true,"href":"https:\/\/www.fairwaysofeden.com\/de\/wp-json\/wp\/v2\/product_tag?post=162"}],"curies":[{"name":"wp","href":"https:\/\/api.w.org\/{rel}","templated":true}]}}