{"id":2169,"date":"2025-01-22T04:30:45","date_gmt":"2025-01-22T04:30:45","guid":{"rendered":"https:\/\/www.fairwaysofeden.com\/?post_type=product&#038;p=2169"},"modified":"2026-03-06T02:07:47","modified_gmt":"2026-03-06T02:07:47","slug":"majestic-creek-golf-club","status":"publish","type":"product","link":"https:\/\/www.fairwaysofeden.com\/de\/product\/majestic-creek-golf-club\/","title":{"rendered":"Majestic Creek Golf Club"},"content":{"rendered":"<p>The 27-hole course is divided into three distinct nine-hole layouts\u2014Creek, Lake, and Waterfall\u2014each presenting its own set of challenges and scenic beauty. Golfers will navigate gently undulating fairways lined with mature trees, natural water hazards, and strategically placed bunkers that demand thoughtful shot selection. The course&#8217;s tranquil environment, away from the bustling town center, provides a relaxing backdrop for both casual and serious players. The clubhouse offers essential amenities, including dining facilities and locker rooms, ensuring a comfortable visit.\u200b<\/p>\n<p>Eckdaten: Gegr\u00fcndet 1995, Par 72, 7.123 Yards<br \/>\nSignature Hole: Par-5 Loch 7 \u2013 ein anspruchsvolles Dogleg mit einem Bach, der das Fairway kreuzt.<br \/>\nBesonderheiten: Drei unterschiedliche Neun-Loch-Golfpl\u00e4tze; nat\u00fcrliche Wasserl\u00e4ufe; ruhige l\u00e4ndliche Umgebung.<\/p>\n<p>Ihre Golfbuchung beinhaltet einen bequemen Hoteltransfer. Auf dem Golfplatz deckt Ihr Paket die Caddygeb\u00fchr und die Nutzung eines Golfcarts ab.<\/p>\n<p><a style=\"font-weight: 600; color: #007cba; text-decoration: none;\" href=\"https:\/\/www.fairwaysofeden.com\/de\/beste-golfplaetze-thailand\/golfplatze-in-hua-hin\/majestic-creek-golf-club\/\" target=\"_blank\" rel=\"noopener noreferrer\"><br \/>\nSie m\u00f6chten mehr \u00fcber den Majestic Creek Golf Club erfahren? Folgen Sie diesem Link, um alle Details zu erhalten \u2192<br \/>\n<\/a><\/p>","protected":false},"excerpt":{"rendered":"<p>The 27-hole course is divided into three distinct nine-hole layouts\u2014Creek, Lake, and Waterfall\u2014each presenting its own set of challenges and scenic beauty. Golfers will navigate gently undulating fairways lined with mature trees, natural water hazards, and strategically placed bunkers that demand thoughtful shot selection. The course&#8217;s tranquil environment, away from the bustling town center, provides&hellip; <a class=\"more-link\" href=\"https:\/\/www.fairwaysofeden.com\/de\/product\/majestic-creek-golf-club\/\">Weiterlesen <span class=\"screen-reader-text\">Majestic Creek Golf Club<\/span><\/a><\/p>","protected":false},"featured_media":2170,"comment_status":"open","ping_status":"closed","template":"","meta":{"_acf_changed":false},"product_brand":[],"product_cat":[21,25],"product_tag":[],"class_list":{"0":"post-2169","1":"product","2":"type-product","3":"status-publish","4":"has-post-thumbnail","6":"product_cat-golf-course","7":"product_cat-huahin","8":"entry","10":"first","11":"instock","12":"sale","13":"featured","14":"taxable","15":"shipping-taxable","16":"purchasable","17":"product-type-simple"},"acf":[],"yoast_head":"<!-- This site is optimized with the Yoast SEO plugin v27.2 - https:\/\/yoast.com\/product\/yoast-seo-wordpress\/ -->\n<title>Majestic Creek Golf Club \u2013 Green Fee with Cart &amp; Caddy | Hua Hin<\/title>\n<meta name=\"description\" content=\"Book your 18-hole round at Majestic Creek Golf Club in Hua Hin. Package includes green fee, golf cart, and caddy. Enjoy scenic play with Fairways of Eden.\" \/>\n<meta name=\"robots\" content=\"noindex, follow\" \/>\n<meta property=\"og:locale\" content=\"de_DE\" \/>\n<meta property=\"og:type\" content=\"article\" \/>\n<meta property=\"og:title\" content=\"Majestic Creek Golf Club \u2013 Green Fee with Cart &amp; Caddy | Hua Hin\" \/>\n<meta property=\"og:description\" content=\"Book your 18-hole round at Majestic Creek Golf Club in Hua Hin. Package includes green fee, golf cart, and caddy. Enjoy scenic play with Fairways of Eden.\" \/>\n<meta property=\"og:url\" content=\"https:\/\/www.fairwaysofeden.com\/de\/beste-golfplaetze-thailand\/golfplatze-in-hua-hin\/majestic-creek-golf-club\/\" \/>\n<meta property=\"og:site_name\" content=\"Fairways of Eden\" \/>\n<meta property=\"article:publisher\" content=\"https:\/\/www.facebook.com\/people\/Fairways-of-Eden\/61560298346080\/\" \/>\n<meta property=\"article:modified_time\" content=\"2026-03-06T02:07:47+00:00\" \/>\n<meta property=\"og:image\" content=\"https:\/\/www.fairwaysofeden.com\/wp-content\/uploads\/2025\/01\/Majestic-Creek-Golf-Club_1.jpg\" \/>\n\t<meta property=\"og:image:width\" content=\"554\" \/>\n\t<meta property=\"og:image:height\" content=\"192\" \/>\n\t<meta property=\"og:image:type\" content=\"image\/jpeg\" \/>\n<meta name=\"twitter:card\" content=\"summary_large_image\" \/>\n<meta name=\"twitter:label1\" content=\"Gesch\u00e4tzte Lesezeit\" \/>\n\t<meta name=\"twitter:data1\" content=\"1\u00a0Minute\" \/>\n<script type=\"application\/ld+json\" class=\"yoast-schema-graph\">{\"@context\":\"https:\/\/schema.org\",\"@graph\":[{\"@type\":\"WebPage\",\"@id\":\"https:\/\/www.fairwaysofeden.com\/product\/majestic-creek-golf-club\/\",\"url\":\"https:\/\/www.fairwaysofeden.com\/golf-courses-in-thailand\/hua-hin-golf-courses\/majestic-creek-golf-club\/\",\"name\":\"Majestic Creek Golf Club \u2013 Green Fee with Cart & Caddy | Hua Hin\",\"isPartOf\":{\"@id\":\"https:\/\/www.fairwaysofeden.com\/#website\"},\"primaryImageOfPage\":{\"@id\":\"https:\/\/www.fairwaysofeden.com\/golf-courses-in-thailand\/hua-hin-golf-courses\/majestic-creek-golf-club\/#primaryimage\"},\"image\":{\"@id\":\"https:\/\/www.fairwaysofeden.com\/golf-courses-in-thailand\/hua-hin-golf-courses\/majestic-creek-golf-club\/#primaryimage\"},\"thumbnailUrl\":\"https:\/\/www.fairwaysofeden.com\/wp-content\/uploads\/2025\/01\/Majestic-Creek-Golf-Club_1.jpg\",\"datePublished\":\"2025-01-22T04:30:45+00:00\",\"dateModified\":\"2026-03-06T02:07:47+00:00\",\"description\":\"Book your 18-hole round at Majestic Creek Golf Club in Hua Hin. Package includes green fee, golf cart, and caddy. Enjoy scenic play with Fairways of Eden.\",\"breadcrumb\":{\"@id\":\"https:\/\/www.fairwaysofeden.com\/golf-courses-in-thailand\/hua-hin-golf-courses\/majestic-creek-golf-club\/#breadcrumb\"},\"inLanguage\":\"de\",\"potentialAction\":[{\"@type\":\"ReadAction\",\"target\":[\"https:\/\/www.fairwaysofeden.com\/golf-courses-in-thailand\/hua-hin-golf-courses\/majestic-creek-golf-club\/\"]}]},{\"@type\":\"ImageObject\",\"inLanguage\":\"de\",\"@id\":\"https:\/\/www.fairwaysofeden.com\/golf-courses-in-thailand\/hua-hin-golf-courses\/majestic-creek-golf-club\/#primaryimage\",\"url\":\"https:\/\/www.fairwaysofeden.com\/wp-content\/uploads\/2025\/01\/Majestic-Creek-Golf-Club_1.jpg\",\"contentUrl\":\"https:\/\/www.fairwaysofeden.com\/wp-content\/uploads\/2025\/01\/Majestic-Creek-Golf-Club_1.jpg\",\"width\":554,\"height\":192,\"caption\":\"Majestic Creek Golf Club Golf Holiday Thailand\"},{\"@type\":\"BreadcrumbList\",\"@id\":\"https:\/\/www.fairwaysofeden.com\/golf-courses-in-thailand\/hua-hin-golf-courses\/majestic-creek-golf-club\/#breadcrumb\",\"itemListElement\":[{\"@type\":\"ListItem\",\"position\":1,\"name\":\"Home\",\"item\":\"https:\/\/www.fairwaysofeden.com\/\"},{\"@type\":\"ListItem\",\"position\":2,\"name\":\"Majestic Creek Golf Club\"}]},{\"@type\":\"WebSite\",\"@id\":\"https:\/\/www.fairwaysofeden.com\/#website\",\"url\":\"https:\/\/www.fairwaysofeden.com\/\",\"name\":\"Fairways of Eden\",\"description\":\"Book Tee Times &amp; Golf Trips to Thailand\",\"publisher\":{\"@id\":\"https:\/\/www.fairwaysofeden.com\/#organization\"},\"potentialAction\":[{\"@type\":\"SearchAction\",\"target\":{\"@type\":\"EntryPoint\",\"urlTemplate\":\"https:\/\/www.fairwaysofeden.com\/?s={search_term_string}\"},\"query-input\":{\"@type\":\"PropertyValueSpecification\",\"valueRequired\":true,\"valueName\":\"search_term_string\"}}],\"inLanguage\":\"de\"},{\"@type\":\"Organization\",\"@id\":\"https:\/\/www.fairwaysofeden.com\/#organization\",\"name\":\"Fairways of Eden\",\"url\":\"https:\/\/www.fairwaysofeden.com\/\",\"logo\":{\"@type\":\"ImageObject\",\"inLanguage\":\"de\",\"@id\":\"https:\/\/www.fairwaysofeden.com\/#\/schema\/logo\/image\/\",\"url\":\"https:\/\/www.fairwaysofeden.com\/wp-content\/uploads\/2024\/07\/FairwaysOfEden-Logo-400x400-1.png\",\"contentUrl\":\"https:\/\/www.fairwaysofeden.com\/wp-content\/uploads\/2024\/07\/FairwaysOfEden-Logo-400x400-1.png\",\"width\":400,\"height\":387,\"caption\":\"Fairways of Eden\"},\"image\":{\"@id\":\"https:\/\/www.fairwaysofeden.com\/#\/schema\/logo\/image\/\"},\"sameAs\":[\"https:\/\/www.facebook.com\/people\/Fairways-of-Eden\/61560298346080\/\",\"https:\/\/www.instagram.com\/fairwaysofeden\/\",\"https:\/\/th.linkedin.com\/company\/fairways-of-eden\",\"https:\/\/www.tiktok.com\/@fairways.of.eden\"]}]}<\/script>\n<!-- \/ Yoast SEO plugin. -->","yoast_head_json":{"title":"Majestic Creek Golf Club \u2013 Green Fee with Cart & Caddy | Hua Hin","description":"Book your 18-hole round at Majestic Creek Golf Club in Hua Hin. Package includes green fee, golf cart, and caddy. Enjoy scenic play with Fairways of Eden.","robots":{"index":"noindex","follow":"follow"},"og_locale":"de_DE","og_type":"article","og_title":"Majestic Creek Golf Club \u2013 Green Fee with Cart & Caddy | Hua Hin","og_description":"Book your 18-hole round at Majestic Creek Golf Club in Hua Hin. Package includes green fee, golf cart, and caddy. Enjoy scenic play with Fairways of Eden.","og_url":"https:\/\/www.fairwaysofeden.com\/de\/beste-golfplaetze-thailand\/golfplatze-in-hua-hin\/majestic-creek-golf-club\/","og_site_name":"Fairways of Eden","article_publisher":"https:\/\/www.facebook.com\/people\/Fairways-of-Eden\/61560298346080\/","article_modified_time":"2026-03-06T02:07:47+00:00","og_image":[{"width":554,"height":192,"url":"https:\/\/www.fairwaysofeden.com\/wp-content\/uploads\/2025\/01\/Majestic-Creek-Golf-Club_1.jpg","type":"image\/jpeg"}],"twitter_card":"summary_large_image","twitter_misc":{"Gesch\u00e4tzte Lesezeit":"1\u00a0Minute"},"schema":{"@context":"https:\/\/schema.org","@graph":[{"@type":"WebPage","@id":"https:\/\/www.fairwaysofeden.com\/product\/majestic-creek-golf-club\/","url":"https:\/\/www.fairwaysofeden.com\/golf-courses-in-thailand\/hua-hin-golf-courses\/majestic-creek-golf-club\/","name":"Majestic Creek Golf Club \u2013 Green Fee with Cart & Caddy | Hua Hin","isPartOf":{"@id":"https:\/\/www.fairwaysofeden.com\/#website"},"primaryImageOfPage":{"@id":"https:\/\/www.fairwaysofeden.com\/golf-courses-in-thailand\/hua-hin-golf-courses\/majestic-creek-golf-club\/#primaryimage"},"image":{"@id":"https:\/\/www.fairwaysofeden.com\/golf-courses-in-thailand\/hua-hin-golf-courses\/majestic-creek-golf-club\/#primaryimage"},"thumbnailUrl":"https:\/\/www.fairwaysofeden.com\/wp-content\/uploads\/2025\/01\/Majestic-Creek-Golf-Club_1.jpg","datePublished":"2025-01-22T04:30:45+00:00","dateModified":"2026-03-06T02:07:47+00:00","description":"Book your 18-hole round at Majestic Creek Golf Club in Hua Hin. Package includes green fee, golf cart, and caddy. Enjoy scenic play with Fairways of Eden.","breadcrumb":{"@id":"https:\/\/www.fairwaysofeden.com\/golf-courses-in-thailand\/hua-hin-golf-courses\/majestic-creek-golf-club\/#breadcrumb"},"inLanguage":"de","potentialAction":[{"@type":"ReadAction","target":["https:\/\/www.fairwaysofeden.com\/golf-courses-in-thailand\/hua-hin-golf-courses\/majestic-creek-golf-club\/"]}]},{"@type":"ImageObject","inLanguage":"de","@id":"https:\/\/www.fairwaysofeden.com\/golf-courses-in-thailand\/hua-hin-golf-courses\/majestic-creek-golf-club\/#primaryimage","url":"https:\/\/www.fairwaysofeden.com\/wp-content\/uploads\/2025\/01\/Majestic-Creek-Golf-Club_1.jpg","contentUrl":"https:\/\/www.fairwaysofeden.com\/wp-content\/uploads\/2025\/01\/Majestic-Creek-Golf-Club_1.jpg","width":554,"height":192,"caption":"Majestic Creek Golf Club Golf Holiday Thailand"},{"@type":"BreadcrumbList","@id":"https:\/\/www.fairwaysofeden.com\/golf-courses-in-thailand\/hua-hin-golf-courses\/majestic-creek-golf-club\/#breadcrumb","itemListElement":[{"@type":"ListItem","position":1,"name":"Home","item":"https:\/\/www.fairwaysofeden.com\/"},{"@type":"ListItem","position":2,"name":"Majestic Creek Golf Club"}]},{"@type":"WebSite","@id":"https:\/\/www.fairwaysofeden.com\/#website","url":"https:\/\/www.fairwaysofeden.com\/","name":"Fairways of Eden","description":"Book Tee Times &amp; Golf Trips to Thailand","publisher":{"@id":"https:\/\/www.fairwaysofeden.com\/#organization"},"potentialAction":[{"@type":"SearchAction","target":{"@type":"EntryPoint","urlTemplate":"https:\/\/www.fairwaysofeden.com\/?s={search_term_string}"},"query-input":{"@type":"PropertyValueSpecification","valueRequired":true,"valueName":"search_term_string"}}],"inLanguage":"de"},{"@type":"Organization","@id":"https:\/\/www.fairwaysofeden.com\/#organization","name":"Fairways of Eden","url":"https:\/\/www.fairwaysofeden.com\/","logo":{"@type":"ImageObject","inLanguage":"de","@id":"https:\/\/www.fairwaysofeden.com\/#\/schema\/logo\/image\/","url":"https:\/\/www.fairwaysofeden.com\/wp-content\/uploads\/2024\/07\/FairwaysOfEden-Logo-400x400-1.png","contentUrl":"https:\/\/www.fairwaysofeden.com\/wp-content\/uploads\/2024\/07\/FairwaysOfEden-Logo-400x400-1.png","width":400,"height":387,"caption":"Fairways of Eden"},"image":{"@id":"https:\/\/www.fairwaysofeden.com\/#\/schema\/logo\/image\/"},"sameAs":["https:\/\/www.facebook.com\/people\/Fairways-of-Eden\/61560298346080\/","https:\/\/www.instagram.com\/fairwaysofeden\/","https:\/\/th.linkedin.com\/company\/fairways-of-eden","https:\/\/www.tiktok.com\/@fairways.of.eden"]}]}},"_links":{"self":[{"href":"https:\/\/www.fairwaysofeden.com\/de\/wp-json\/wp\/v2\/product\/2169","targetHints":{"allow":["GET"]}}],"collection":[{"href":"https:\/\/www.fairwaysofeden.com\/de\/wp-json\/wp\/v2\/product"}],"about":[{"href":"https:\/\/www.fairwaysofeden.com\/de\/wp-json\/wp\/v2\/types\/product"}],"replies":[{"embeddable":true,"href":"https:\/\/www.fairwaysofeden.com\/de\/wp-json\/wp\/v2\/comments?post=2169"}],"wp:featuredmedia":[{"embeddable":true,"href":"https:\/\/www.fairwaysofeden.com\/de\/wp-json\/wp\/v2\/media\/2170"}],"wp:attachment":[{"href":"https:\/\/www.fairwaysofeden.com\/de\/wp-json\/wp\/v2\/media?parent=2169"}],"wp:term":[{"taxonomy":"product_brand","embeddable":true,"href":"https:\/\/www.fairwaysofeden.com\/de\/wp-json\/wp\/v2\/product_brand?post=2169"},{"taxonomy":"product_cat","embeddable":true,"href":"https:\/\/www.fairwaysofeden.com\/de\/wp-json\/wp\/v2\/product_cat?post=2169"},{"taxonomy":"product_tag","embeddable":true,"href":"https:\/\/www.fairwaysofeden.com\/de\/wp-json\/wp\/v2\/product_tag?post=2169"}],"curies":[{"name":"wp","href":"https:\/\/api.w.org\/{rel}","templated":true}]}}