{"id":2485,"date":"2025-03-14T13:56:09","date_gmt":"2025-03-14T13:56:09","guid":{"rendered":"https:\/\/www.fairwaysofeden.com\/?post_type=product&#038;p=2485"},"modified":"2026-03-06T02:11:04","modified_gmt":"2026-03-06T02:11:04","slug":"royal-hua-hin-golf-course","status":"publish","type":"product","link":"https:\/\/www.fairwaysofeden.com\/de\/product\/royal-hua-hin-golf-course\/","title":{"rendered":"Royal Hua Hin Golf Course"},"content":{"rendered":"<p>Dieser Golfplatz bietet eine entspannte und traditionelle Runde, ideal f\u00fcr alle, die klassisches Golfplatzdesign sch\u00e4tzen. Direkt neben dem historischen Bahnhof von Hua Hin gelegen, schl\u00e4ngelt sich der Platz durch alte B\u00e4ume und nat\u00fcrliche H\u00f6henunterschiede und vermittelt ein Gef\u00fchl von Nostalgie und Ruhe. Da es keine Wasserhindernisse gibt, liegt die Herausforderung darin, die schmalen Fairways, Bunker und unebenen Lagen zu meistern. Die Tierwelt, darunter Affen im Bereich der hinteren neun L\u00f6cher, sorgt f\u00fcr ein unterhaltsames und unvergessliches Erlebnis. Eine hervorragende Wahl f\u00fcr Spieler, die einen ruhigen, unkomplizierten Tag auf einem der bekanntesten Golfpl\u00e4tze Thailands verbringen m\u00f6chten.<\/p>\n<p>Eckdaten: Gegr\u00fcndet 1924, Par 72, 6.678 Yards<br \/>\nSignature Hole: Par-4 Loch 13 \u2013 oft von neugierigen Makaken besucht.<br \/>\nBesonderheiten: Thailands \u00e4ltester Golfplatz; keine Wasserhindernisse; von B\u00e4umen ges\u00e4umte Fairways.<\/p>\n<p>Ihre Golfbuchung beinhaltet einen bequemen Hoteltransfer. Auf dem Golfplatz deckt Ihr Paket die Caddygeb\u00fchr und die Nutzung eines Golfcarts ab.<\/p>\n<p><a style=\"font-weight: 600; color: #007cba; text-decoration: none;\" href=\"https:\/\/www.fairwaysofeden.com\/de\/beste-golfplaetze-thailand\/golfplatze-in-hua-hin\/royal-hua-hin-golf-course\/\" target=\"_blank\" rel=\"noopener noreferrer\"><br \/>\nBen\u00f6tigen Sie weitere Informationen zum Royal Hua Hin Golfplatz? Folgen Sie diesem Link, um alle Details zu erhalten \u2192<br \/>\n<\/a><\/p>","protected":false},"excerpt":{"rendered":"<p>offers a relaxed and traditional round, perfect for those who appreciate classic course design. Nestled right next to Hua Hin\u2019s historic train station, the layout flows through mature trees and natural elevation changes, offering a sense of nostalgia and calm. Without water hazards, the challenge lies in navigating narrow fairways, bunkers, and uneven lies. Wildlife,&hellip; <a class=\"more-link\" href=\"https:\/\/www.fairwaysofeden.com\/de\/product\/royal-hua-hin-golf-course\/\">Weiterlesen <span class=\"screen-reader-text\">Royal Hua Hin Golf Course<\/span><\/a><\/p>","protected":false},"featured_media":2486,"comment_status":"open","ping_status":"closed","template":"","meta":{"_acf_changed":false},"product_brand":[],"product_cat":[21,25],"product_tag":[],"class_list":{"0":"post-2485","1":"product","2":"type-product","3":"status-publish","4":"has-post-thumbnail","6":"product_cat-golf-course","7":"product_cat-huahin","8":"entry","10":"first","11":"instock","12":"sale","13":"taxable","14":"shipping-taxable","15":"purchasable","16":"product-type-simple"},"acf":[],"yoast_head":"<!-- This site is optimized with the Yoast SEO plugin v27.2 - https:\/\/yoast.com\/product\/yoast-seo-wordpress\/ -->\n<title>Royal Hua Hin Golf Course \u2013 Green Fee, Cart &amp; Caddy | 18 Holes<\/title>\n<meta name=\"description\" content=\"Play 18 holes at Thailand\u2019s historic Royal Hua Hin Golf Course. Package includes green fee, caddy, and golf cart. Book now with Fairways of Eden.\" \/>\n<meta name=\"robots\" content=\"noindex, follow\" \/>\n<meta property=\"og:locale\" content=\"de_DE\" \/>\n<meta property=\"og:type\" content=\"article\" \/>\n<meta property=\"og:title\" content=\"Royal Hua Hin Golf Course \u2013 Green Fee, Cart &amp; Caddy | 18 Holes\" \/>\n<meta property=\"og:description\" content=\"Play 18 holes at Thailand\u2019s historic Royal Hua Hin Golf Course. Package includes green fee, caddy, and golf cart. Book now with Fairways of Eden.\" \/>\n<meta property=\"og:url\" content=\"https:\/\/www.fairwaysofeden.com\/de\/beste-golfplaetze-thailand\/golfplatze-in-hua-hin\/royal-hua-hin-golf-course\/\" \/>\n<meta property=\"og:site_name\" content=\"Fairways of Eden\" \/>\n<meta property=\"article:publisher\" content=\"https:\/\/www.facebook.com\/people\/Fairways-of-Eden\/61560298346080\/\" \/>\n<meta property=\"article:modified_time\" content=\"2026-03-06T02:11:04+00:00\" \/>\n<meta property=\"og:image\" content=\"https:\/\/www.fairwaysofeden.com\/wp-content\/uploads\/2025\/04\/Royal-Hua-Hin-Golf-Course-Header.webp\" \/>\n\t<meta property=\"og:image:width\" content=\"554\" \/>\n\t<meta property=\"og:image:height\" content=\"192\" \/>\n\t<meta property=\"og:image:type\" content=\"image\/webp\" \/>\n<meta name=\"twitter:card\" content=\"summary_large_image\" \/>\n<meta name=\"twitter:label1\" content=\"Gesch\u00e4tzte Lesezeit\" \/>\n\t<meta name=\"twitter:data1\" content=\"1\u00a0Minute\" \/>\n<script type=\"application\/ld+json\" class=\"yoast-schema-graph\">{\"@context\":\"https:\/\/schema.org\",\"@graph\":[{\"@type\":\"WebPage\",\"@id\":\"https:\/\/www.fairwaysofeden.com\/product\/royal-hua-hin-golf-course\/\",\"url\":\"https:\/\/www.fairwaysofeden.com\/golf-courses-in-thailand\/hua-hin-golf-courses\/royal-hua-hin-golf-course\/\",\"name\":\"Royal Hua Hin Golf Course \u2013 Green Fee, Cart & Caddy | 18 Holes\",\"isPartOf\":{\"@id\":\"https:\/\/www.fairwaysofeden.com\/#website\"},\"primaryImageOfPage\":{\"@id\":\"https:\/\/www.fairwaysofeden.com\/golf-courses-in-thailand\/hua-hin-golf-courses\/royal-hua-hin-golf-course\/#primaryimage\"},\"image\":{\"@id\":\"https:\/\/www.fairwaysofeden.com\/golf-courses-in-thailand\/hua-hin-golf-courses\/royal-hua-hin-golf-course\/#primaryimage\"},\"thumbnailUrl\":\"https:\/\/www.fairwaysofeden.com\/wp-content\/uploads\/2025\/04\/Royal-Hua-Hin-Golf-Course-Header.webp\",\"datePublished\":\"2025-03-14T13:56:09+00:00\",\"dateModified\":\"2026-03-06T02:11:04+00:00\",\"description\":\"Play 18 holes at Thailand\u2019s historic Royal Hua Hin Golf Course. Package includes green fee, caddy, and golf cart. Book now with Fairways of Eden.\",\"breadcrumb\":{\"@id\":\"https:\/\/www.fairwaysofeden.com\/golf-courses-in-thailand\/hua-hin-golf-courses\/royal-hua-hin-golf-course\/#breadcrumb\"},\"inLanguage\":\"de\",\"potentialAction\":[{\"@type\":\"ReadAction\",\"target\":[\"https:\/\/www.fairwaysofeden.com\/golf-courses-in-thailand\/hua-hin-golf-courses\/royal-hua-hin-golf-course\/\"]}]},{\"@type\":\"ImageObject\",\"inLanguage\":\"de\",\"@id\":\"https:\/\/www.fairwaysofeden.com\/golf-courses-in-thailand\/hua-hin-golf-courses\/royal-hua-hin-golf-course\/#primaryimage\",\"url\":\"https:\/\/www.fairwaysofeden.com\/wp-content\/uploads\/2025\/04\/Royal-Hua-Hin-Golf-Course-Header.webp\",\"contentUrl\":\"https:\/\/www.fairwaysofeden.com\/wp-content\/uploads\/2025\/04\/Royal-Hua-Hin-Golf-Course-Header.webp\",\"width\":554,\"height\":192,\"caption\":\"Royal Hua Hin Golf Course\"},{\"@type\":\"BreadcrumbList\",\"@id\":\"https:\/\/www.fairwaysofeden.com\/golf-courses-in-thailand\/hua-hin-golf-courses\/royal-hua-hin-golf-course\/#breadcrumb\",\"itemListElement\":[{\"@type\":\"ListItem\",\"position\":1,\"name\":\"Home\",\"item\":\"https:\/\/www.fairwaysofeden.com\/\"},{\"@type\":\"ListItem\",\"position\":2,\"name\":\"Royal Hua Hin Golf Course\"}]},{\"@type\":\"WebSite\",\"@id\":\"https:\/\/www.fairwaysofeden.com\/#website\",\"url\":\"https:\/\/www.fairwaysofeden.com\/\",\"name\":\"Fairways of Eden\",\"description\":\"Book Tee Times &amp; Golf Trips to Thailand\",\"publisher\":{\"@id\":\"https:\/\/www.fairwaysofeden.com\/#organization\"},\"potentialAction\":[{\"@type\":\"SearchAction\",\"target\":{\"@type\":\"EntryPoint\",\"urlTemplate\":\"https:\/\/www.fairwaysofeden.com\/?s={search_term_string}\"},\"query-input\":{\"@type\":\"PropertyValueSpecification\",\"valueRequired\":true,\"valueName\":\"search_term_string\"}}],\"inLanguage\":\"de\"},{\"@type\":\"Organization\",\"@id\":\"https:\/\/www.fairwaysofeden.com\/#organization\",\"name\":\"Fairways of Eden\",\"url\":\"https:\/\/www.fairwaysofeden.com\/\",\"logo\":{\"@type\":\"ImageObject\",\"inLanguage\":\"de\",\"@id\":\"https:\/\/www.fairwaysofeden.com\/#\/schema\/logo\/image\/\",\"url\":\"https:\/\/www.fairwaysofeden.com\/wp-content\/uploads\/2024\/07\/FairwaysOfEden-Logo-400x400-1.png\",\"contentUrl\":\"https:\/\/www.fairwaysofeden.com\/wp-content\/uploads\/2024\/07\/FairwaysOfEden-Logo-400x400-1.png\",\"width\":400,\"height\":387,\"caption\":\"Fairways of Eden\"},\"image\":{\"@id\":\"https:\/\/www.fairwaysofeden.com\/#\/schema\/logo\/image\/\"},\"sameAs\":[\"https:\/\/www.facebook.com\/people\/Fairways-of-Eden\/61560298346080\/\",\"https:\/\/www.instagram.com\/fairwaysofeden\/\",\"https:\/\/th.linkedin.com\/company\/fairways-of-eden\",\"https:\/\/www.tiktok.com\/@fairways.of.eden\"]}]}<\/script>\n<!-- \/ Yoast SEO plugin. -->","yoast_head_json":{"title":"Royal Hua Hin Golf Course \u2013 Green Fee, Cart & Caddy | 18 Holes","description":"Play 18 holes at Thailand\u2019s historic Royal Hua Hin Golf Course. Package includes green fee, caddy, and golf cart. Book now with Fairways of Eden.","robots":{"index":"noindex","follow":"follow"},"og_locale":"de_DE","og_type":"article","og_title":"Royal Hua Hin Golf Course \u2013 Green Fee, Cart & Caddy | 18 Holes","og_description":"Play 18 holes at Thailand\u2019s historic Royal Hua Hin Golf Course. Package includes green fee, caddy, and golf cart. Book now with Fairways of Eden.","og_url":"https:\/\/www.fairwaysofeden.com\/de\/beste-golfplaetze-thailand\/golfplatze-in-hua-hin\/royal-hua-hin-golf-course\/","og_site_name":"Fairways of Eden","article_publisher":"https:\/\/www.facebook.com\/people\/Fairways-of-Eden\/61560298346080\/","article_modified_time":"2026-03-06T02:11:04+00:00","og_image":[{"width":554,"height":192,"url":"https:\/\/www.fairwaysofeden.com\/wp-content\/uploads\/2025\/04\/Royal-Hua-Hin-Golf-Course-Header.webp","type":"image\/webp"}],"twitter_card":"summary_large_image","twitter_misc":{"Gesch\u00e4tzte Lesezeit":"1\u00a0Minute"},"schema":{"@context":"https:\/\/schema.org","@graph":[{"@type":"WebPage","@id":"https:\/\/www.fairwaysofeden.com\/product\/royal-hua-hin-golf-course\/","url":"https:\/\/www.fairwaysofeden.com\/golf-courses-in-thailand\/hua-hin-golf-courses\/royal-hua-hin-golf-course\/","name":"Royal Hua Hin Golf Course \u2013 Green Fee, Cart & Caddy | 18 Holes","isPartOf":{"@id":"https:\/\/www.fairwaysofeden.com\/#website"},"primaryImageOfPage":{"@id":"https:\/\/www.fairwaysofeden.com\/golf-courses-in-thailand\/hua-hin-golf-courses\/royal-hua-hin-golf-course\/#primaryimage"},"image":{"@id":"https:\/\/www.fairwaysofeden.com\/golf-courses-in-thailand\/hua-hin-golf-courses\/royal-hua-hin-golf-course\/#primaryimage"},"thumbnailUrl":"https:\/\/www.fairwaysofeden.com\/wp-content\/uploads\/2025\/04\/Royal-Hua-Hin-Golf-Course-Header.webp","datePublished":"2025-03-14T13:56:09+00:00","dateModified":"2026-03-06T02:11:04+00:00","description":"Play 18 holes at Thailand\u2019s historic Royal Hua Hin Golf Course. Package includes green fee, caddy, and golf cart. Book now with Fairways of Eden.","breadcrumb":{"@id":"https:\/\/www.fairwaysofeden.com\/golf-courses-in-thailand\/hua-hin-golf-courses\/royal-hua-hin-golf-course\/#breadcrumb"},"inLanguage":"de","potentialAction":[{"@type":"ReadAction","target":["https:\/\/www.fairwaysofeden.com\/golf-courses-in-thailand\/hua-hin-golf-courses\/royal-hua-hin-golf-course\/"]}]},{"@type":"ImageObject","inLanguage":"de","@id":"https:\/\/www.fairwaysofeden.com\/golf-courses-in-thailand\/hua-hin-golf-courses\/royal-hua-hin-golf-course\/#primaryimage","url":"https:\/\/www.fairwaysofeden.com\/wp-content\/uploads\/2025\/04\/Royal-Hua-Hin-Golf-Course-Header.webp","contentUrl":"https:\/\/www.fairwaysofeden.com\/wp-content\/uploads\/2025\/04\/Royal-Hua-Hin-Golf-Course-Header.webp","width":554,"height":192,"caption":"Royal Hua Hin Golf Course"},{"@type":"BreadcrumbList","@id":"https:\/\/www.fairwaysofeden.com\/golf-courses-in-thailand\/hua-hin-golf-courses\/royal-hua-hin-golf-course\/#breadcrumb","itemListElement":[{"@type":"ListItem","position":1,"name":"Home","item":"https:\/\/www.fairwaysofeden.com\/"},{"@type":"ListItem","position":2,"name":"Royal Hua Hin Golf Course"}]},{"@type":"WebSite","@id":"https:\/\/www.fairwaysofeden.com\/#website","url":"https:\/\/www.fairwaysofeden.com\/","name":"Fairways of Eden","description":"Book Tee Times &amp; Golf Trips to Thailand","publisher":{"@id":"https:\/\/www.fairwaysofeden.com\/#organization"},"potentialAction":[{"@type":"SearchAction","target":{"@type":"EntryPoint","urlTemplate":"https:\/\/www.fairwaysofeden.com\/?s={search_term_string}"},"query-input":{"@type":"PropertyValueSpecification","valueRequired":true,"valueName":"search_term_string"}}],"inLanguage":"de"},{"@type":"Organization","@id":"https:\/\/www.fairwaysofeden.com\/#organization","name":"Fairways of Eden","url":"https:\/\/www.fairwaysofeden.com\/","logo":{"@type":"ImageObject","inLanguage":"de","@id":"https:\/\/www.fairwaysofeden.com\/#\/schema\/logo\/image\/","url":"https:\/\/www.fairwaysofeden.com\/wp-content\/uploads\/2024\/07\/FairwaysOfEden-Logo-400x400-1.png","contentUrl":"https:\/\/www.fairwaysofeden.com\/wp-content\/uploads\/2024\/07\/FairwaysOfEden-Logo-400x400-1.png","width":400,"height":387,"caption":"Fairways of Eden"},"image":{"@id":"https:\/\/www.fairwaysofeden.com\/#\/schema\/logo\/image\/"},"sameAs":["https:\/\/www.facebook.com\/people\/Fairways-of-Eden\/61560298346080\/","https:\/\/www.instagram.com\/fairwaysofeden\/","https:\/\/th.linkedin.com\/company\/fairways-of-eden","https:\/\/www.tiktok.com\/@fairways.of.eden"]}]}},"_links":{"self":[{"href":"https:\/\/www.fairwaysofeden.com\/de\/wp-json\/wp\/v2\/product\/2485","targetHints":{"allow":["GET"]}}],"collection":[{"href":"https:\/\/www.fairwaysofeden.com\/de\/wp-json\/wp\/v2\/product"}],"about":[{"href":"https:\/\/www.fairwaysofeden.com\/de\/wp-json\/wp\/v2\/types\/product"}],"replies":[{"embeddable":true,"href":"https:\/\/www.fairwaysofeden.com\/de\/wp-json\/wp\/v2\/comments?post=2485"}],"wp:featuredmedia":[{"embeddable":true,"href":"https:\/\/www.fairwaysofeden.com\/de\/wp-json\/wp\/v2\/media\/2486"}],"wp:attachment":[{"href":"https:\/\/www.fairwaysofeden.com\/de\/wp-json\/wp\/v2\/media?parent=2485"}],"wp:term":[{"taxonomy":"product_brand","embeddable":true,"href":"https:\/\/www.fairwaysofeden.com\/de\/wp-json\/wp\/v2\/product_brand?post=2485"},{"taxonomy":"product_cat","embeddable":true,"href":"https:\/\/www.fairwaysofeden.com\/de\/wp-json\/wp\/v2\/product_cat?post=2485"},{"taxonomy":"product_tag","embeddable":true,"href":"https:\/\/www.fairwaysofeden.com\/de\/wp-json\/wp\/v2\/product_tag?post=2485"}],"curies":[{"name":"wp","href":"https:\/\/api.w.org\/{rel}","templated":true}]}}