{"id":2008,"date":"2024-12-19T05:45:11","date_gmt":"2024-12-19T05:45:11","guid":{"rendered":"https:\/\/www.fairwaysofeden.com\/?page_id=2008"},"modified":"2026-03-22T07:55:12","modified_gmt":"2026-03-22T07:55:12","slug":"foretagslagsgolf","status":"publish","type":"page","link":"https:\/\/www.fairwaysofeden.com\/sv\/corporate-team-golf\/","title":{"rendered":"Gruppresor med golf, f\u00f6retagsevent &amp; golft\u00e4vlingar i Thailand"},"content":{"rendered":"","protected":false},"excerpt":{"rendered":"","protected":false},"author":3,"featured_media":0,"parent":0,"menu_order":0,"comment_status":"closed","ping_status":"closed","template":"template_pages\/Corporate.php","meta":{"_acf_changed":false,"footnotes":""},"class_list":["post-2008","page","type-page","status-publish","hentry","entry"],"acf":[],"yoast_head":"<!-- This site is optimized with the Yoast SEO plugin v27.2 - https:\/\/yoast.com\/product\/yoast-seo-wordpress\/ -->\n<title>Group Golf Trips in Thailand | Corporate &amp; Society Travel<\/title>\n<meta name=\"description\" content=\"Plan group golf trips in Thailand with support for events, tournaments and smooth coordination for corporate teams and golf societies.\" \/>\n<meta name=\"robots\" content=\"index, follow, max-snippet:-1, max-image-preview:large, max-video-preview:-1\" \/>\n<link rel=\"canonical\" href=\"https:\/\/www.fairwaysofeden.com\/sv\/foretagslagsgolf\/\" \/>\n<meta property=\"og:locale\" content=\"sv_SE\" \/>\n<meta property=\"og:type\" content=\"article\" \/>\n<meta property=\"og:title\" content=\"Group Golf Trips in Thailand | Corporate &amp; Society Travel\" \/>\n<meta property=\"og:description\" content=\"Plan group golf trips in Thailand with support for events, tournaments and smooth coordination for corporate teams and golf societies.\" \/>\n<meta property=\"og:url\" content=\"https:\/\/www.fairwaysofeden.com\/sv\/foretagslagsgolf\/\" \/>\n<meta property=\"og:site_name\" content=\"Fairways of Eden\" \/>\n<meta property=\"article:publisher\" content=\"https:\/\/www.facebook.com\/people\/Fairways-of-Eden\/61560298346080\/\" \/>\n<meta property=\"article:modified_time\" content=\"2026-03-22T07:55:12+00:00\" \/>\n<meta property=\"og:image\" content=\"https:\/\/www.fairwaysofeden.com\/wp-content\/uploads\/2025\/12\/fairways-of-eden-social-preview.jpg\" \/>\n\t<meta property=\"og:image:width\" content=\"1200\" \/>\n\t<meta property=\"og:image:height\" content=\"630\" \/>\n\t<meta property=\"og:image:type\" content=\"image\/jpeg\" \/>\n<meta name=\"twitter:card\" content=\"summary_large_image\" \/>\n<script type=\"application\/ld+json\" class=\"yoast-schema-graph\">{\"@context\":\"https:\/\/schema.org\",\"@graph\":[{\"@type\":\"WebPage\",\"@id\":\"https:\/\/www.fairwaysofeden.com\/corporate-team-golf\/\",\"url\":\"https:\/\/www.fairwaysofeden.com\/corporate-team-golf\/\",\"name\":\"Group Golf Trips in Thailand | Corporate & Society Travel\",\"isPartOf\":{\"@id\":\"https:\/\/www.fairwaysofeden.com\/#website\"},\"datePublished\":\"2024-12-19T05:45:11+00:00\",\"dateModified\":\"2026-03-22T07:55:12+00:00\",\"description\":\"Plan group golf trips in Thailand with support for events, tournaments and smooth coordination for corporate teams and golf societies.\",\"breadcrumb\":{\"@id\":\"https:\/\/www.fairwaysofeden.com\/corporate-team-golf\/#breadcrumb\"},\"inLanguage\":\"sv-SE\",\"potentialAction\":[{\"@type\":\"ReadAction\",\"target\":[\"https:\/\/www.fairwaysofeden.com\/corporate-team-golf\/\"]}]},{\"@type\":\"BreadcrumbList\",\"@id\":\"https:\/\/www.fairwaysofeden.com\/corporate-team-golf\/#breadcrumb\",\"itemListElement\":[{\"@type\":\"ListItem\",\"position\":1,\"name\":\"Home\",\"item\":\"https:\/\/www.fairwaysofeden.com\/\"},{\"@type\":\"ListItem\",\"position\":2,\"name\":\"Golf Group Trips, Corporate Golf Events &#038; Tournaments in Thailand\"}]},{\"@type\":\"WebSite\",\"@id\":\"https:\/\/www.fairwaysofeden.com\/#website\",\"url\":\"https:\/\/www.fairwaysofeden.com\/\",\"name\":\"Fairways of Eden\",\"description\":\"Book Tee Times &amp; Golf Trips to Thailand\",\"publisher\":{\"@id\":\"https:\/\/www.fairwaysofeden.com\/#organization\"},\"potentialAction\":[{\"@type\":\"SearchAction\",\"target\":{\"@type\":\"EntryPoint\",\"urlTemplate\":\"https:\/\/www.fairwaysofeden.com\/?s={search_term_string}\"},\"query-input\":{\"@type\":\"PropertyValueSpecification\",\"valueRequired\":true,\"valueName\":\"search_term_string\"}}],\"inLanguage\":\"sv-SE\"},{\"@type\":\"Organization\",\"@id\":\"https:\/\/www.fairwaysofeden.com\/#organization\",\"name\":\"Fairways of Eden\",\"url\":\"https:\/\/www.fairwaysofeden.com\/\",\"logo\":{\"@type\":\"ImageObject\",\"inLanguage\":\"sv-SE\",\"@id\":\"https:\/\/www.fairwaysofeden.com\/#\/schema\/logo\/image\/\",\"url\":\"https:\/\/www.fairwaysofeden.com\/wp-content\/uploads\/2024\/07\/FairwaysOfEden-Logo-400x400-1.png\",\"contentUrl\":\"https:\/\/www.fairwaysofeden.com\/wp-content\/uploads\/2024\/07\/FairwaysOfEden-Logo-400x400-1.png\",\"width\":400,\"height\":387,\"caption\":\"Fairways of Eden\"},\"image\":{\"@id\":\"https:\/\/www.fairwaysofeden.com\/#\/schema\/logo\/image\/\"},\"sameAs\":[\"https:\/\/www.facebook.com\/people\/Fairways-of-Eden\/61560298346080\/\",\"https:\/\/www.instagram.com\/fairwaysofeden\/\",\"https:\/\/th.linkedin.com\/company\/fairways-of-eden\",\"https:\/\/www.tiktok.com\/@fairways.of.eden\"]}]}<\/script>\n<!-- \/ Yoast SEO plugin. -->","yoast_head_json":{"title":"Gruppresor golf Thailand | F\u00f6retag &amp; golfs\u00e4llskap","description":"Planera gruppresor f\u00f6r golf i Thailand med st\u00f6d f\u00f6r event, turneringar och smidig samordning f\u00f6r f\u00f6retag och golfs\u00e4llskap.","robots":{"index":"index","follow":"follow","max-snippet":"max-snippet:-1","max-image-preview":"max-image-preview:large","max-video-preview":"max-video-preview:-1"},"canonical":"https:\/\/www.fairwaysofeden.com\/sv\/foretagslagsgolf\/","og_locale":"sv_SE","og_type":"article","og_title":"Group Golf Trips in Thailand | Corporate & Society Travel","og_description":"Plan group golf trips in Thailand with support for events, tournaments and smooth coordination for corporate teams and golf societies.","og_url":"https:\/\/www.fairwaysofeden.com\/sv\/foretagslagsgolf\/","og_site_name":"Fairways of Eden","article_publisher":"https:\/\/www.facebook.com\/people\/Fairways-of-Eden\/61560298346080\/","article_modified_time":"2026-03-22T07:55:12+00:00","og_image":[{"width":1200,"height":630,"url":"https:\/\/www.fairwaysofeden.com\/wp-content\/uploads\/2025\/12\/fairways-of-eden-social-preview.jpg","type":"image\/jpeg"}],"twitter_card":"summary_large_image","schema":{"@context":"https:\/\/schema.org","@graph":[{"@type":"WebPage","@id":"https:\/\/www.fairwaysofeden.com\/corporate-team-golf\/","url":"https:\/\/www.fairwaysofeden.com\/corporate-team-golf\/","name":"Gruppresor golf Thailand | F\u00f6retag &amp; golfs\u00e4llskap","isPartOf":{"@id":"https:\/\/www.fairwaysofeden.com\/#website"},"datePublished":"2024-12-19T05:45:11+00:00","dateModified":"2026-03-22T07:55:12+00:00","description":"Planera gruppresor f\u00f6r golf i Thailand med st\u00f6d f\u00f6r event, turneringar och smidig samordning f\u00f6r f\u00f6retag och golfs\u00e4llskap.","breadcrumb":{"@id":"https:\/\/www.fairwaysofeden.com\/corporate-team-golf\/#breadcrumb"},"inLanguage":"sv-SE","potentialAction":[{"@type":"ReadAction","target":["https:\/\/www.fairwaysofeden.com\/corporate-team-golf\/"]}]},{"@type":"BreadcrumbList","@id":"https:\/\/www.fairwaysofeden.com\/corporate-team-golf\/#breadcrumb","itemListElement":[{"@type":"ListItem","position":1,"name":"Home","item":"https:\/\/www.fairwaysofeden.com\/"},{"@type":"ListItem","position":2,"name":"Golf Group Trips, Corporate Golf Events &#038; Tournaments in Thailand"}]},{"@type":"WebSite","@id":"https:\/\/www.fairwaysofeden.com\/#website","url":"https:\/\/www.fairwaysofeden.com\/","name":"Fairways of Eden","description":"Book Tee Times &amp; Golf Trips to Thailand","publisher":{"@id":"https:\/\/www.fairwaysofeden.com\/#organization"},"potentialAction":[{"@type":"SearchAction","target":{"@type":"EntryPoint","urlTemplate":"https:\/\/www.fairwaysofeden.com\/?s={search_term_string}"},"query-input":{"@type":"PropertyValueSpecification","valueRequired":true,"valueName":"search_term_string"}}],"inLanguage":"sv-SE"},{"@type":"Organization","@id":"https:\/\/www.fairwaysofeden.com\/#organization","name":"Fairways of Eden","url":"https:\/\/www.fairwaysofeden.com\/","logo":{"@type":"ImageObject","inLanguage":"sv-SE","@id":"https:\/\/www.fairwaysofeden.com\/#\/schema\/logo\/image\/","url":"https:\/\/www.fairwaysofeden.com\/wp-content\/uploads\/2024\/07\/FairwaysOfEden-Logo-400x400-1.png","contentUrl":"https:\/\/www.fairwaysofeden.com\/wp-content\/uploads\/2024\/07\/FairwaysOfEden-Logo-400x400-1.png","width":400,"height":387,"caption":"Fairways of Eden"},"image":{"@id":"https:\/\/www.fairwaysofeden.com\/#\/schema\/logo\/image\/"},"sameAs":["https:\/\/www.facebook.com\/people\/Fairways-of-Eden\/61560298346080\/","https:\/\/www.instagram.com\/fairwaysofeden\/","https:\/\/th.linkedin.com\/company\/fairways-of-eden","https:\/\/www.tiktok.com\/@fairways.of.eden"]}]}},"_links":{"self":[{"href":"https:\/\/www.fairwaysofeden.com\/sv\/wp-json\/wp\/v2\/pages\/2008","targetHints":{"allow":["GET"]}}],"collection":[{"href":"https:\/\/www.fairwaysofeden.com\/sv\/wp-json\/wp\/v2\/pages"}],"about":[{"href":"https:\/\/www.fairwaysofeden.com\/sv\/wp-json\/wp\/v2\/types\/page"}],"author":[{"embeddable":true,"href":"https:\/\/www.fairwaysofeden.com\/sv\/wp-json\/wp\/v2\/users\/3"}],"replies":[{"embeddable":true,"href":"https:\/\/www.fairwaysofeden.com\/sv\/wp-json\/wp\/v2\/comments?post=2008"}],"version-history":[{"count":13,"href":"https:\/\/www.fairwaysofeden.com\/sv\/wp-json\/wp\/v2\/pages\/2008\/revisions"}],"predecessor-version":[{"id":9340,"href":"https:\/\/www.fairwaysofeden.com\/sv\/wp-json\/wp\/v2\/pages\/2008\/revisions\/9340"}],"wp:attachment":[{"href":"https:\/\/www.fairwaysofeden.com\/sv\/wp-json\/wp\/v2\/media?parent=2008"}],"curies":[{"name":"wp","href":"https:\/\/api.w.org\/{rel}","templated":true}]}}