{"id":2839,"date":"2025-04-18T12:56:32","date_gmt":"2025-04-18T12:56:32","guid":{"rendered":"https:\/\/www.fairwaysofeden.com\/?page_id=2839"},"modified":"2026-03-06T08:22:24","modified_gmt":"2026-03-06T08:22:24","slug":"palm-hills-golf-club","status":"publish","type":"page","link":"https:\/\/www.fairwaysofeden.com\/sv\/golf-courses-in-thailand\/hua-hin-golf-courses\/palm-hills-golf-club\/","title":{"rendered":"Palm Hills Golf Club &#8211; A Gentle, Scenic Classic Near the Sea"},"content":{"rendered":"","protected":false},"excerpt":{"rendered":"","protected":false},"author":7,"featured_media":0,"parent":6129,"menu_order":0,"comment_status":"closed","ping_status":"closed","template":"template_pages\/Golf Course Pages.php","meta":{"_acf_changed":false,"footnotes":""},"class_list":["post-2839","page","type-page","status-publish","hentry","entry"],"acf":[],"yoast_head":"<!-- This site is optimized with the Yoast SEO plugin v27.2 - https:\/\/yoast.com\/product\/yoast-seo-wordpress\/ -->\n<title>Palm Hills Golf Club | Book Tee Times | Hua Hin Golf Packages<\/title>\n<meta name=\"description\" content=\"Palm Hills Golf Club Hua Hin \u2013 a scenic, beginner-friendly course with coastal charm and relaxed play. Book tee times and Thailand golf packages.\" \/>\n<meta name=\"robots\" content=\"index, follow, max-snippet:-1, max-image-preview:large, max-video-preview:-1\" \/>\n<link rel=\"canonical\" href=\"https:\/\/www.fairwaysofeden.com\/sv\/golfbanor-i-thailand\/hua-hin-golfbanor\/palm-hills-golf-club\/\" \/>\n<meta property=\"og:locale\" content=\"sv_SE\" \/>\n<meta property=\"og:type\" content=\"article\" \/>\n<meta property=\"og:title\" content=\"Palm Hills Golf Club | Book Tee Times | Hua Hin Golf Packages\" \/>\n<meta property=\"og:description\" content=\"Palm Hills Golf Club Hua Hin \u2013 a scenic, beginner-friendly course with coastal charm and relaxed play. Book tee times and Thailand golf packages.\" \/>\n<meta property=\"og:url\" content=\"https:\/\/www.fairwaysofeden.com\/sv\/golfbanor-i-thailand\/hua-hin-golfbanor\/palm-hills-golf-club\/\" \/>\n<meta property=\"og:site_name\" content=\"Fairways of Eden\" \/>\n<meta property=\"article:publisher\" content=\"https:\/\/www.facebook.com\/people\/Fairways-of-Eden\/61560298346080\/\" \/>\n<meta property=\"article:modified_time\" content=\"2026-03-06T08:22:24+00:00\" \/>\n<meta property=\"og:image\" content=\"https:\/\/www.fairwaysofeden.com\/wp-content\/uploads\/2025\/12\/fairways-of-eden-social-preview.jpg\" \/>\n\t<meta property=\"og:image:width\" content=\"1200\" \/>\n\t<meta property=\"og:image:height\" content=\"630\" \/>\n\t<meta property=\"og:image:type\" content=\"image\/jpeg\" \/>\n<meta name=\"twitter:card\" content=\"summary_large_image\" \/>\n<script type=\"application\/ld+json\" class=\"yoast-schema-graph\">{\"@context\":\"https:\/\/schema.org\",\"@graph\":[{\"@type\":\"WebPage\",\"@id\":\"https:\/\/www.fairwaysofeden.com\/golf-courses-in-thailand\/hua-hin-golf-courses\/palm-hills-golf-club\/\",\"url\":\"https:\/\/www.fairwaysofeden.com\/golf-courses-in-thailand\/hua-hin-golf-courses\/palm-hills-golf-club\/\",\"name\":\"Palm Hills Golf Club | Book Tee Times | Hua Hin Golf Packages\",\"isPartOf\":{\"@id\":\"https:\/\/www.fairwaysofeden.com\/#website\"},\"datePublished\":\"2025-04-18T12:56:32+00:00\",\"dateModified\":\"2026-03-06T08:22:24+00:00\",\"description\":\"Palm Hills Golf Club Hua Hin \u2013 a scenic, beginner-friendly course with coastal charm and relaxed play. Book tee times and Thailand golf packages.\",\"breadcrumb\":{\"@id\":\"https:\/\/www.fairwaysofeden.com\/golf-courses-in-thailand\/hua-hin-golf-courses\/palm-hills-golf-club\/#breadcrumb\"},\"inLanguage\":\"sv-SE\",\"potentialAction\":[{\"@type\":\"ReadAction\",\"target\":[\"https:\/\/www.fairwaysofeden.com\/golf-courses-in-thailand\/hua-hin-golf-courses\/palm-hills-golf-club\/\"]}]},{\"@type\":\"BreadcrumbList\",\"@id\":\"https:\/\/www.fairwaysofeden.com\/golf-courses-in-thailand\/hua-hin-golf-courses\/palm-hills-golf-club\/#breadcrumb\",\"itemListElement\":[{\"@type\":\"ListItem\",\"position\":1,\"name\":\"Home\",\"item\":\"https:\/\/www.fairwaysofeden.com\/\"},{\"@type\":\"ListItem\",\"position\":2,\"name\":\"Our Golf Courses\",\"item\":\"https:\/\/www.fairwaysofeden.com\/golf-courses-in-thailand\/\"},{\"@type\":\"ListItem\",\"position\":3,\"name\":\"Hua Hin Golf Courses \u2013 Book Tee Times &#038; Green Fees with Confidence\",\"item\":\"https:\/\/www.fairwaysofeden.com\/golf-courses-in-thailand\/hua-hin-golf-courses\/\"},{\"@type\":\"ListItem\",\"position\":4,\"name\":\"Palm Hills Golf Club &#8211; A Gentle, Scenic Classic Near the Sea\"}]},{\"@type\":\"WebSite\",\"@id\":\"https:\/\/www.fairwaysofeden.com\/#website\",\"url\":\"https:\/\/www.fairwaysofeden.com\/\",\"name\":\"Fairways of Eden\",\"description\":\"Book Tee Times &amp; Golf Trips to Thailand\",\"publisher\":{\"@id\":\"https:\/\/www.fairwaysofeden.com\/#organization\"},\"potentialAction\":[{\"@type\":\"SearchAction\",\"target\":{\"@type\":\"EntryPoint\",\"urlTemplate\":\"https:\/\/www.fairwaysofeden.com\/?s={search_term_string}\"},\"query-input\":{\"@type\":\"PropertyValueSpecification\",\"valueRequired\":true,\"valueName\":\"search_term_string\"}}],\"inLanguage\":\"sv-SE\"},{\"@type\":\"Organization\",\"@id\":\"https:\/\/www.fairwaysofeden.com\/#organization\",\"name\":\"Fairways of Eden\",\"url\":\"https:\/\/www.fairwaysofeden.com\/\",\"logo\":{\"@type\":\"ImageObject\",\"inLanguage\":\"sv-SE\",\"@id\":\"https:\/\/www.fairwaysofeden.com\/#\/schema\/logo\/image\/\",\"url\":\"https:\/\/www.fairwaysofeden.com\/wp-content\/uploads\/2024\/07\/FairwaysOfEden-Logo-400x400-1.png\",\"contentUrl\":\"https:\/\/www.fairwaysofeden.com\/wp-content\/uploads\/2024\/07\/FairwaysOfEden-Logo-400x400-1.png\",\"width\":400,\"height\":387,\"caption\":\"Fairways of Eden\"},\"image\":{\"@id\":\"https:\/\/www.fairwaysofeden.com\/#\/schema\/logo\/image\/\"},\"sameAs\":[\"https:\/\/www.facebook.com\/people\/Fairways-of-Eden\/61560298346080\/\",\"https:\/\/www.instagram.com\/fairwaysofeden\/\",\"https:\/\/th.linkedin.com\/company\/fairways-of-eden\",\"https:\/\/www.tiktok.com\/@fairways.of.eden\"]}]}<\/script>\n<!-- \/ Yoast SEO plugin. -->","yoast_head_json":{"title":"Palm Hills Golfklubb | Boka starttider | Golfpaket i Hua Hin","description":"Palm Hills Golf Club Hua Hin \u2013 en natursk\u00f6n, nyb\u00f6rjarv\u00e4nlig bana med kustn\u00e4ra charm och avslappnat spel. Boka starttider och golfpaket till Thailand.","robots":{"index":"index","follow":"follow","max-snippet":"max-snippet:-1","max-image-preview":"max-image-preview:large","max-video-preview":"max-video-preview:-1"},"canonical":"https:\/\/www.fairwaysofeden.com\/sv\/golfbanor-i-thailand\/hua-hin-golfbanor\/palm-hills-golf-club\/","og_locale":"sv_SE","og_type":"article","og_title":"Palm Hills Golf Club | Book Tee Times | Hua Hin Golf Packages","og_description":"Palm Hills Golf Club Hua Hin \u2013 a scenic, beginner-friendly course with coastal charm and relaxed play. Book tee times and Thailand golf packages.","og_url":"https:\/\/www.fairwaysofeden.com\/sv\/golfbanor-i-thailand\/hua-hin-golfbanor\/palm-hills-golf-club\/","og_site_name":"Fairways of Eden","article_publisher":"https:\/\/www.facebook.com\/people\/Fairways-of-Eden\/61560298346080\/","article_modified_time":"2026-03-06T08:22:24+00:00","og_image":[{"width":1200,"height":630,"url":"https:\/\/www.fairwaysofeden.com\/wp-content\/uploads\/2025\/12\/fairways-of-eden-social-preview.jpg","type":"image\/jpeg"}],"twitter_card":"summary_large_image","schema":{"@context":"https:\/\/schema.org","@graph":[{"@type":"WebPage","@id":"https:\/\/www.fairwaysofeden.com\/golf-courses-in-thailand\/hua-hin-golf-courses\/palm-hills-golf-club\/","url":"https:\/\/www.fairwaysofeden.com\/golf-courses-in-thailand\/hua-hin-golf-courses\/palm-hills-golf-club\/","name":"Palm Hills Golfklubb | Boka starttider | Golfpaket i Hua Hin","isPartOf":{"@id":"https:\/\/www.fairwaysofeden.com\/#website"},"datePublished":"2025-04-18T12:56:32+00:00","dateModified":"2026-03-06T08:22:24+00:00","description":"Palm Hills Golf Club Hua Hin \u2013 en natursk\u00f6n, nyb\u00f6rjarv\u00e4nlig bana med kustn\u00e4ra charm och avslappnat spel. Boka starttider och golfpaket till Thailand.","breadcrumb":{"@id":"https:\/\/www.fairwaysofeden.com\/golf-courses-in-thailand\/hua-hin-golf-courses\/palm-hills-golf-club\/#breadcrumb"},"inLanguage":"sv-SE","potentialAction":[{"@type":"ReadAction","target":["https:\/\/www.fairwaysofeden.com\/golf-courses-in-thailand\/hua-hin-golf-courses\/palm-hills-golf-club\/"]}]},{"@type":"BreadcrumbList","@id":"https:\/\/www.fairwaysofeden.com\/golf-courses-in-thailand\/hua-hin-golf-courses\/palm-hills-golf-club\/#breadcrumb","itemListElement":[{"@type":"ListItem","position":1,"name":"Home","item":"https:\/\/www.fairwaysofeden.com\/"},{"@type":"ListItem","position":2,"name":"Our Golf Courses","item":"https:\/\/www.fairwaysofeden.com\/golf-courses-in-thailand\/"},{"@type":"ListItem","position":3,"name":"Hua Hin Golf Courses \u2013 Book Tee Times &#038; Green Fees with Confidence","item":"https:\/\/www.fairwaysofeden.com\/golf-courses-in-thailand\/hua-hin-golf-courses\/"},{"@type":"ListItem","position":4,"name":"Palm Hills Golf Club &#8211; A Gentle, Scenic Classic Near the Sea"}]},{"@type":"WebSite","@id":"https:\/\/www.fairwaysofeden.com\/#website","url":"https:\/\/www.fairwaysofeden.com\/","name":"Fairways of Eden","description":"Book Tee Times &amp; Golf Trips to Thailand","publisher":{"@id":"https:\/\/www.fairwaysofeden.com\/#organization"},"potentialAction":[{"@type":"SearchAction","target":{"@type":"EntryPoint","urlTemplate":"https:\/\/www.fairwaysofeden.com\/?s={search_term_string}"},"query-input":{"@type":"PropertyValueSpecification","valueRequired":true,"valueName":"search_term_string"}}],"inLanguage":"sv-SE"},{"@type":"Organization","@id":"https:\/\/www.fairwaysofeden.com\/#organization","name":"Fairways of Eden","url":"https:\/\/www.fairwaysofeden.com\/","logo":{"@type":"ImageObject","inLanguage":"sv-SE","@id":"https:\/\/www.fairwaysofeden.com\/#\/schema\/logo\/image\/","url":"https:\/\/www.fairwaysofeden.com\/wp-content\/uploads\/2024\/07\/FairwaysOfEden-Logo-400x400-1.png","contentUrl":"https:\/\/www.fairwaysofeden.com\/wp-content\/uploads\/2024\/07\/FairwaysOfEden-Logo-400x400-1.png","width":400,"height":387,"caption":"Fairways of Eden"},"image":{"@id":"https:\/\/www.fairwaysofeden.com\/#\/schema\/logo\/image\/"},"sameAs":["https:\/\/www.facebook.com\/people\/Fairways-of-Eden\/61560298346080\/","https:\/\/www.instagram.com\/fairwaysofeden\/","https:\/\/th.linkedin.com\/company\/fairways-of-eden","https:\/\/www.tiktok.com\/@fairways.of.eden"]}]}},"_links":{"self":[{"href":"https:\/\/www.fairwaysofeden.com\/sv\/wp-json\/wp\/v2\/pages\/2839","targetHints":{"allow":["GET"]}}],"collection":[{"href":"https:\/\/www.fairwaysofeden.com\/sv\/wp-json\/wp\/v2\/pages"}],"about":[{"href":"https:\/\/www.fairwaysofeden.com\/sv\/wp-json\/wp\/v2\/types\/page"}],"author":[{"embeddable":true,"href":"https:\/\/www.fairwaysofeden.com\/sv\/wp-json\/wp\/v2\/users\/7"}],"replies":[{"embeddable":true,"href":"https:\/\/www.fairwaysofeden.com\/sv\/wp-json\/wp\/v2\/comments?post=2839"}],"version-history":[{"count":23,"href":"https:\/\/www.fairwaysofeden.com\/sv\/wp-json\/wp\/v2\/pages\/2839\/revisions"}],"predecessor-version":[{"id":9642,"href":"https:\/\/www.fairwaysofeden.com\/sv\/wp-json\/wp\/v2\/pages\/2839\/revisions\/9642"}],"up":[{"embeddable":true,"href":"https:\/\/www.fairwaysofeden.com\/sv\/wp-json\/wp\/v2\/pages\/6129"}],"wp:attachment":[{"href":"https:\/\/www.fairwaysofeden.com\/sv\/wp-json\/wp\/v2\/media?parent=2839"}],"curies":[{"name":"wp","href":"https:\/\/api.w.org\/{rel}","templated":true}]}}