{"id":3050,"date":"2025-05-02T06:15:10","date_gmt":"2025-05-02T06:15:10","guid":{"rendered":"https:\/\/www.fairwaysofeden.com\/?post_type=product&#038;p=3050"},"modified":"2025-07-18T03:37:53","modified_gmt":"2025-07-18T03:37:53","slug":"hotel-clover-patong","status":"publish","type":"product","link":"https:\/\/www.fairwaysofeden.com\/sv\/product\/hotel-clover-patong\/","title":{"rendered":"Hotel Clover Patong \u2605\u2605\u2605\u2605"},"content":{"rendered":"<p class=\"translation-block\">Rum Superior med balkong<\/p>\n<p>Hotel Clover Patong Phuket, ett 4-stj\u00e4rnigt hotell, kombinerar modern design med varm thail\u00e4ndsk g\u00e4stfrihet och h\u00f6gsta standard p\u00e5 service och kvalitet, i linje med filosofin \"Enkelhet i lyx\". Hotel Clover Patong Phuket ligger i hj\u00e4rtat av Phuket, en minuts promenad fr\u00e5n den popul\u00e4ra Patong-stranden, fem (5) minuters promenad fr\u00e5n JungceyIon och Central, de st\u00f6rsta k\u00f6pcentren p\u00e5 \u00f6n, och Bangla Road, ett roligt partydistrikt.<\/p>\n<p>26 kvm, 121 enheter tillg\u00e4ngliga, utrustade med 1 enkels\u00e4ng eller 1 king size-s\u00e4ng samt balkong. Anslutande rum finns tillg\u00e4ngliga.<\/p>\n<p><strong>Din bokning<\/strong> <strong>Includes &#8211; <\/strong>Frukost och gratis transfer mellan Phuket flygplats och hotellet.<\/p>","protected":false},"excerpt":{"rendered":"<p>Superior Balcony Room Hotel Clover Patong Phuket, a 4-star hotel features contemporary design combined with warm Thai hospitality and the highest standard of service and quality, staying true to its philosophy of \u201cSimplicity in Luxury\u201d. Located in the heart of Phuket, Hotel Clover Patong Phuket is a minute walk to the popular Patong beach, a&hellip; <a class=\"more-link\" href=\"https:\/\/www.fairwaysofeden.com\/sv\/product\/hotel-clover-patong\/\">L\u00e4s vidare <span class=\"screen-reader-text\">Hotel Clover Patong \u2605\u2605\u2605\u2605<\/span><\/a><\/p>","protected":false},"featured_media":3054,"comment_status":"open","ping_status":"closed","template":"","meta":{"_acf_changed":false},"product_brand":[],"product_cat":[18,22,24],"product_tag":[],"class_list":{"0":"post-3050","1":"product","2":"type-product","3":"status-publish","4":"has-post-thumbnail","6":"product_cat-best-deal-hotels","7":"product_cat-hotels","8":"product_cat-phuket","9":"entry","11":"first","12":"instock","13":"sale","14":"taxable","15":"shipping-taxable","16":"purchasable","17":"product-type-simple"},"acf":[],"yoast_head":"<!-- This site is optimized with the Yoast SEO plugin v27.2 - https:\/\/yoast.com\/product\/yoast-seo-wordpress\/ -->\n<title>Hotel Clover Patong \u2013 4-Star Hotel for Your Golf Holiday in Phuket<\/title>\n<meta name=\"description\" content=\"Stay at Hotel Clover Patong, just steps from Patong Beach and nightlife, with easy access to great golf Courses. Book now with Fairways of Eden.\" \/>\n<meta name=\"robots\" content=\"noindex, follow\" \/>\n<meta property=\"og:locale\" content=\"sv_SE\" \/>\n<meta property=\"og:type\" content=\"article\" \/>\n<meta property=\"og:title\" content=\"Hotel Clover Patong \u2013 4-Star Hotel for Your Golf Holiday in Phuket\" \/>\n<meta property=\"og:description\" content=\"Stay at Hotel Clover Patong, just steps from Patong Beach and nightlife, with easy access to great golf Courses. Book now with Fairways of Eden.\" \/>\n<meta property=\"og:url\" content=\"https:\/\/www.fairwaysofeden.com\/sv\/produkt\/hotel-clover-patong\/\" \/>\n<meta property=\"og:site_name\" content=\"Fairways of Eden\" \/>\n<meta property=\"article:publisher\" content=\"https:\/\/www.facebook.com\/people\/Fairways-of-Eden\/61560298346080\/\" \/>\n<meta property=\"article:modified_time\" content=\"2025-07-18T03:37:53+00:00\" \/>\n<meta property=\"og:image\" content=\"https:\/\/www.fairwaysofeden.com\/wp-content\/uploads\/2025\/05\/Hotel-Clover-Patong-1.webp\" \/>\n\t<meta property=\"og:image:width\" content=\"600\" \/>\n\t<meta property=\"og:image:height\" content=\"400\" \/>\n\t<meta property=\"og:image:type\" content=\"image\/webp\" \/>\n<meta name=\"twitter:card\" content=\"summary_large_image\" \/>\n<meta name=\"twitter:label1\" content=\"Ber\u00e4knad l\u00e4stid\" \/>\n\t<meta name=\"twitter:data1\" content=\"3 minuter\" \/>\n<script type=\"application\/ld+json\" class=\"yoast-schema-graph\">{\"@context\":\"https:\/\/schema.org\",\"@graph\":[{\"@type\":\"WebPage\",\"@id\":\"https:\/\/www.fairwaysofeden.com\/product\/hotel-clover-patong\/\",\"url\":\"https:\/\/www.fairwaysofeden.com\/product\/hotel-clover-patong\/\",\"name\":\"Hotel Clover Patong \u2013 4-Star Hotel for Your Golf Holiday in Phuket\",\"isPartOf\":{\"@id\":\"https:\/\/www.fairwaysofeden.com\/#website\"},\"primaryImageOfPage\":{\"@id\":\"https:\/\/www.fairwaysofeden.com\/product\/hotel-clover-patong\/#primaryimage\"},\"image\":{\"@id\":\"https:\/\/www.fairwaysofeden.com\/product\/hotel-clover-patong\/#primaryimage\"},\"thumbnailUrl\":\"https:\/\/www.fairwaysofeden.com\/wp-content\/uploads\/2025\/05\/Hotel-Clover-Patong-1.webp\",\"datePublished\":\"2025-05-02T06:15:10+00:00\",\"dateModified\":\"2025-07-18T03:37:53+00:00\",\"description\":\"Stay at Hotel Clover Patong, just steps from Patong Beach and nightlife, with easy access to great golf Courses. Book now with Fairways of Eden.\",\"breadcrumb\":{\"@id\":\"https:\/\/www.fairwaysofeden.com\/product\/hotel-clover-patong\/#breadcrumb\"},\"inLanguage\":\"sv-SE\",\"potentialAction\":[{\"@type\":\"ReadAction\",\"target\":[\"https:\/\/www.fairwaysofeden.com\/product\/hotel-clover-patong\/\"]}]},{\"@type\":\"ImageObject\",\"inLanguage\":\"sv-SE\",\"@id\":\"https:\/\/www.fairwaysofeden.com\/product\/hotel-clover-patong\/#primaryimage\",\"url\":\"https:\/\/www.fairwaysofeden.com\/wp-content\/uploads\/2025\/05\/Hotel-Clover-Patong-1.webp\",\"contentUrl\":\"https:\/\/www.fairwaysofeden.com\/wp-content\/uploads\/2025\/05\/Hotel-Clover-Patong-1.webp\",\"width\":600,\"height\":400,\"caption\":\"Hotel Clover Patong Pool View\"},{\"@type\":\"BreadcrumbList\",\"@id\":\"https:\/\/www.fairwaysofeden.com\/product\/hotel-clover-patong\/#breadcrumb\",\"itemListElement\":[{\"@type\":\"ListItem\",\"position\":1,\"name\":\"Home\",\"item\":\"https:\/\/www.fairwaysofeden.com\/\"},{\"@type\":\"ListItem\",\"position\":2,\"name\":\"Hotel Clover Patong \u2605\u2605\u2605\u2605\"}]},{\"@type\":\"WebSite\",\"@id\":\"https:\/\/www.fairwaysofeden.com\/#website\",\"url\":\"https:\/\/www.fairwaysofeden.com\/\",\"name\":\"Fairways of Eden\",\"description\":\"Book Tee Times &amp; Golf Trips to Thailand\",\"publisher\":{\"@id\":\"https:\/\/www.fairwaysofeden.com\/#organization\"},\"potentialAction\":[{\"@type\":\"SearchAction\",\"target\":{\"@type\":\"EntryPoint\",\"urlTemplate\":\"https:\/\/www.fairwaysofeden.com\/?s={search_term_string}\"},\"query-input\":{\"@type\":\"PropertyValueSpecification\",\"valueRequired\":true,\"valueName\":\"search_term_string\"}}],\"inLanguage\":\"sv-SE\"},{\"@type\":\"Organization\",\"@id\":\"https:\/\/www.fairwaysofeden.com\/#organization\",\"name\":\"Fairways of Eden\",\"url\":\"https:\/\/www.fairwaysofeden.com\/\",\"logo\":{\"@type\":\"ImageObject\",\"inLanguage\":\"sv-SE\",\"@id\":\"https:\/\/www.fairwaysofeden.com\/#\/schema\/logo\/image\/\",\"url\":\"https:\/\/www.fairwaysofeden.com\/wp-content\/uploads\/2024\/07\/FairwaysOfEden-Logo-400x400-1.png\",\"contentUrl\":\"https:\/\/www.fairwaysofeden.com\/wp-content\/uploads\/2024\/07\/FairwaysOfEden-Logo-400x400-1.png\",\"width\":400,\"height\":387,\"caption\":\"Fairways of Eden\"},\"image\":{\"@id\":\"https:\/\/www.fairwaysofeden.com\/#\/schema\/logo\/image\/\"},\"sameAs\":[\"https:\/\/www.facebook.com\/people\/Fairways-of-Eden\/61560298346080\/\",\"https:\/\/www.instagram.com\/fairwaysofeden\/\",\"https:\/\/th.linkedin.com\/company\/fairways-of-eden\",\"https:\/\/www.tiktok.com\/@fairways.of.eden\"]}]}<\/script>\n<!-- \/ Yoast SEO plugin. -->","yoast_head_json":{"title":"Hotel Clover Patong \u2013 4-Star Hotel for Your Golf Holiday in Phuket","description":"Stay at Hotel Clover Patong, just steps from Patong Beach and nightlife, with easy access to great golf Courses. Book now with Fairways of Eden.","robots":{"index":"noindex","follow":"follow"},"og_locale":"sv_SE","og_type":"article","og_title":"Hotel Clover Patong \u2013 4-Star Hotel for Your Golf Holiday in Phuket","og_description":"Stay at Hotel Clover Patong, just steps from Patong Beach and nightlife, with easy access to great golf Courses. Book now with Fairways of Eden.","og_url":"https:\/\/www.fairwaysofeden.com\/sv\/produkt\/hotel-clover-patong\/","og_site_name":"Fairways of Eden","article_publisher":"https:\/\/www.facebook.com\/people\/Fairways-of-Eden\/61560298346080\/","article_modified_time":"2025-07-18T03:37:53+00:00","og_image":[{"width":600,"height":400,"url":"https:\/\/www.fairwaysofeden.com\/wp-content\/uploads\/2025\/05\/Hotel-Clover-Patong-1.webp","type":"image\/webp"}],"twitter_card":"summary_large_image","twitter_misc":{"Ber\u00e4knad l\u00e4stid":"3 minuter"},"schema":{"@context":"https:\/\/schema.org","@graph":[{"@type":"WebPage","@id":"https:\/\/www.fairwaysofeden.com\/product\/hotel-clover-patong\/","url":"https:\/\/www.fairwaysofeden.com\/product\/hotel-clover-patong\/","name":"Hotel Clover Patong \u2013 4-Star Hotel for Your Golf Holiday in Phuket","isPartOf":{"@id":"https:\/\/www.fairwaysofeden.com\/#website"},"primaryImageOfPage":{"@id":"https:\/\/www.fairwaysofeden.com\/product\/hotel-clover-patong\/#primaryimage"},"image":{"@id":"https:\/\/www.fairwaysofeden.com\/product\/hotel-clover-patong\/#primaryimage"},"thumbnailUrl":"https:\/\/www.fairwaysofeden.com\/wp-content\/uploads\/2025\/05\/Hotel-Clover-Patong-1.webp","datePublished":"2025-05-02T06:15:10+00:00","dateModified":"2025-07-18T03:37:53+00:00","description":"Stay at Hotel Clover Patong, just steps from Patong Beach and nightlife, with easy access to great golf Courses. Book now with Fairways of Eden.","breadcrumb":{"@id":"https:\/\/www.fairwaysofeden.com\/product\/hotel-clover-patong\/#breadcrumb"},"inLanguage":"sv-SE","potentialAction":[{"@type":"ReadAction","target":["https:\/\/www.fairwaysofeden.com\/product\/hotel-clover-patong\/"]}]},{"@type":"ImageObject","inLanguage":"sv-SE","@id":"https:\/\/www.fairwaysofeden.com\/product\/hotel-clover-patong\/#primaryimage","url":"https:\/\/www.fairwaysofeden.com\/wp-content\/uploads\/2025\/05\/Hotel-Clover-Patong-1.webp","contentUrl":"https:\/\/www.fairwaysofeden.com\/wp-content\/uploads\/2025\/05\/Hotel-Clover-Patong-1.webp","width":600,"height":400,"caption":"Hotel Clover Patong Pool View"},{"@type":"BreadcrumbList","@id":"https:\/\/www.fairwaysofeden.com\/product\/hotel-clover-patong\/#breadcrumb","itemListElement":[{"@type":"ListItem","position":1,"name":"Home","item":"https:\/\/www.fairwaysofeden.com\/"},{"@type":"ListItem","position":2,"name":"Hotel Clover Patong \u2605\u2605\u2605\u2605"}]},{"@type":"WebSite","@id":"https:\/\/www.fairwaysofeden.com\/#website","url":"https:\/\/www.fairwaysofeden.com\/","name":"Fairways of Eden","description":"Book Tee Times &amp; Golf Trips to Thailand","publisher":{"@id":"https:\/\/www.fairwaysofeden.com\/#organization"},"potentialAction":[{"@type":"SearchAction","target":{"@type":"EntryPoint","urlTemplate":"https:\/\/www.fairwaysofeden.com\/?s={search_term_string}"},"query-input":{"@type":"PropertyValueSpecification","valueRequired":true,"valueName":"search_term_string"}}],"inLanguage":"sv-SE"},{"@type":"Organization","@id":"https:\/\/www.fairwaysofeden.com\/#organization","name":"Fairways of Eden","url":"https:\/\/www.fairwaysofeden.com\/","logo":{"@type":"ImageObject","inLanguage":"sv-SE","@id":"https:\/\/www.fairwaysofeden.com\/#\/schema\/logo\/image\/","url":"https:\/\/www.fairwaysofeden.com\/wp-content\/uploads\/2024\/07\/FairwaysOfEden-Logo-400x400-1.png","contentUrl":"https:\/\/www.fairwaysofeden.com\/wp-content\/uploads\/2024\/07\/FairwaysOfEden-Logo-400x400-1.png","width":400,"height":387,"caption":"Fairways of Eden"},"image":{"@id":"https:\/\/www.fairwaysofeden.com\/#\/schema\/logo\/image\/"},"sameAs":["https:\/\/www.facebook.com\/people\/Fairways-of-Eden\/61560298346080\/","https:\/\/www.instagram.com\/fairwaysofeden\/","https:\/\/th.linkedin.com\/company\/fairways-of-eden","https:\/\/www.tiktok.com\/@fairways.of.eden"]}]}},"_links":{"self":[{"href":"https:\/\/www.fairwaysofeden.com\/sv\/wp-json\/wp\/v2\/product\/3050","targetHints":{"allow":["GET"]}}],"collection":[{"href":"https:\/\/www.fairwaysofeden.com\/sv\/wp-json\/wp\/v2\/product"}],"about":[{"href":"https:\/\/www.fairwaysofeden.com\/sv\/wp-json\/wp\/v2\/types\/product"}],"replies":[{"embeddable":true,"href":"https:\/\/www.fairwaysofeden.com\/sv\/wp-json\/wp\/v2\/comments?post=3050"}],"wp:featuredmedia":[{"embeddable":true,"href":"https:\/\/www.fairwaysofeden.com\/sv\/wp-json\/wp\/v2\/media\/3054"}],"wp:attachment":[{"href":"https:\/\/www.fairwaysofeden.com\/sv\/wp-json\/wp\/v2\/media?parent=3050"}],"wp:term":[{"taxonomy":"product_brand","embeddable":true,"href":"https:\/\/www.fairwaysofeden.com\/sv\/wp-json\/wp\/v2\/product_brand?post=3050"},{"taxonomy":"product_cat","embeddable":true,"href":"https:\/\/www.fairwaysofeden.com\/sv\/wp-json\/wp\/v2\/product_cat?post=3050"},{"taxonomy":"product_tag","embeddable":true,"href":"https:\/\/www.fairwaysofeden.com\/sv\/wp-json\/wp\/v2\/product_tag?post=3050"}],"curies":[{"name":"wp","href":"https:\/\/api.w.org\/{rel}","templated":true}]}}