{"id":2249,"date":"2025-02-09T15:03:44","date_gmt":"2025-02-09T15:03:44","guid":{"rendered":"https:\/\/www.fairwaysofeden.com\/?post_type=product&#038;p=2249"},"modified":"2025-07-18T03:34:56","modified_gmt":"2025-07-18T03:34:56","slug":"sun-sea-sand-hotel","status":"publish","type":"product","link":"https:\/\/www.fairwaysofeden.com\/vi\/product\/sun-sea-sand-hotel\/","title":{"rendered":"Sun Sea Sand Hotel \u2605\u2605\u2605"},"content":{"rendered":"<p><strong>Superior Room<\/strong><\/p>\n<p>Tr\u1ea3i nghi\u1ec7m s\u1ef1 tho\u1ea3i m\u00e1i v\u00e0 ti\u1ec7n nghi t\u1ea1i Kh\u00e1ch s\u1ea1n Sea Sun Sand. Kh\u00e1ch s\u1ea1n Sea Sun Sand cung c\u1ea5p ch\u1ed7 ngh\u1ec9 ch\u1ea5t l\u01b0\u1ee3ng cao v\u1edbi 50 ph\u00f2ng \u0111\u01b0\u1ee3c trang b\u1ecb \u0111\u1ea7y \u0111\u1ee7 ti\u1ec7n nghi, m\u1ed7i ph\u00f2ng \u0111\u1ec1u \u0111\u01b0\u1ee3c thi\u1ebft k\u1ebf \u0111\u1ec3 mang \u0111\u1ebfn s\u1ef1 tho\u1ea3i m\u00e1i v\u00e0 ti\u1ec7n l\u1ee3i. C\u00e1c ph\u00f2ng \u0111\u1ec1u c\u00f3 s\u00e0n g\u1ed7 c\u1ee9ng, r\u00e8m c\u1ea3n s\u00e1ng v\u00e0 h\u1ec7 th\u1ed1ng c\u00e1ch \u00e2m v\u01b0\u1ee3t tr\u1ed9i, \u0111\u1ea3m b\u1ea3o m\u1ed9t k\u1ef3 ngh\u1ec9 y\u00ean t\u0129nh.<\/p>\n<p>Ideally located in the heart of Patong, our eight-story hotel stands amidst one of Phuket\u2019s most vibrant areas. Whether you&#8217;re here for leisure or business, our commitment to exceptional service, quality, and value ensures a memorable stay. With top attractions, shopping, nightlife, and the beach all within walking distance, Sea Sun Sand Hotel is the perfect choice for travelers seeking both comfort and convenience in Patong&lt;.<\/p>\n<p>\u0110\u1eb7t ph\u00f2ng n\u00e0y kh\u00f4ng bao g\u1ed3m b\u1eefa s\u00e1ng. C\u00f3 r\u1ea5t nhi\u1ec1u l\u1ef1a ch\u1ecdn tuy\u1ec7t v\u1eddi v\u00e0 ti\u1ebft ki\u1ec7m cho bu\u1ed5i s\u00e1ng c\u1ee7a b\u1ea1n ngay g\u1ea7n \u0111\u00f3.<\/p>","protected":false},"excerpt":{"rendered":"<p>Superior Room Experience Comfort and Convenience at Sea Sun Sand Hotel. Sea Sun Sand Hotel offers high-quality accommodation in 50 well-appointed rooms, each designed for comfort and convenience. Our rooms feature hardwood parquet flooring, blackout curtains, and superior sound insulation to ensure a peaceful stay. Ideally located in the heart of Patong, our eight-story hotel&hellip; <a class=\"more-link\" href=\"https:\/\/www.fairwaysofeden.com\/vi\/product\/sun-sea-sand-hotel\/\">\u0110\u1ecdc ti\u1ebfp <span class=\"screen-reader-text\">Sun Sea Sand Hotel \u2605\u2605\u2605<\/span><\/a><\/p>","protected":false},"featured_media":2251,"comment_status":"open","ping_status":"closed","template":"","meta":{"_acf_changed":false},"product_brand":[],"product_cat":[18,22,24],"product_tag":[],"class_list":{"0":"post-2249","1":"product","2":"type-product","3":"status-publish","4":"has-post-thumbnail","6":"product_cat-best-deal-hotels","7":"product_cat-hotels","8":"product_cat-phuket","9":"entry","11":"first","12":"instock","13":"sale","14":"taxable","15":"shipping-taxable","16":"purchasable","17":"product-type-simple"},"acf":[],"yoast_head":"<!-- This site is optimized with the Yoast SEO plugin v27.2 - https:\/\/yoast.com\/product\/yoast-seo-wordpress\/ -->\n<title>Sea Sun Sand Hotel - Affordable Stay for Your Phuket Golf Holiday<\/title>\n<meta name=\"description\" content=\"Sea Sun Sand Hotel offers peaceful rooms in the heart of Patong and quick access to top golf Courses. A flexible base for your golf holiday in Phuket.\" \/>\n<meta name=\"robots\" content=\"noindex, follow\" \/>\n<meta property=\"og:locale\" content=\"vi_VN\" \/>\n<meta property=\"og:type\" content=\"article\" \/>\n<meta property=\"og:title\" content=\"Sea Sun Sand Hotel - Affordable Stay for Your Phuket Golf Holiday\" \/>\n<meta property=\"og:description\" content=\"Sea Sun Sand Hotel offers peaceful rooms in the heart of Patong and quick access to top golf Courses. A flexible base for your golf holiday in Phuket.\" \/>\n<meta property=\"og:url\" content=\"https:\/\/www.fairwaysofeden.com\/vi\/product\/sun-sea-sand-hotel\/\" \/>\n<meta property=\"og:site_name\" content=\"Fairways of Eden\" \/>\n<meta property=\"article:publisher\" content=\"https:\/\/www.facebook.com\/people\/Fairways-of-Eden\/61560298346080\/\" \/>\n<meta property=\"article:modified_time\" content=\"2025-07-18T03:34:56+00:00\" \/>\n<meta property=\"og:image\" content=\"https:\/\/www.fairwaysofeden.com\/wp-content\/uploads\/2025\/02\/Sea-Sun-Sand-Hotel-5.jpg\" \/>\n\t<meta property=\"og:image:width\" content=\"600\" \/>\n\t<meta property=\"og:image:height\" content=\"400\" \/>\n\t<meta property=\"og:image:type\" content=\"image\/jpeg\" \/>\n<meta name=\"twitter:card\" content=\"summary_large_image\" \/>\n<meta name=\"twitter:label1\" content=\"\u01af\u1edbc t\u00ednh th\u1eddi gian \u0111\u1ecdc\" \/>\n\t<meta name=\"twitter:data1\" content=\"3 ph\u00fat\" \/>\n<script type=\"application\/ld+json\" class=\"yoast-schema-graph\">{\"@context\":\"https:\/\/schema.org\",\"@graph\":[{\"@type\":\"WebPage\",\"@id\":\"https:\/\/www.fairwaysofeden.com\/product\/sun-sea-sand-hotel\/\",\"url\":\"https:\/\/www.fairwaysofeden.com\/product\/sun-sea-sand-hotel\/\",\"name\":\"Sea Sun Sand Hotel - Affordable Stay for Your Phuket Golf Holiday\",\"isPartOf\":{\"@id\":\"https:\/\/www.fairwaysofeden.com\/#website\"},\"primaryImageOfPage\":{\"@id\":\"https:\/\/www.fairwaysofeden.com\/product\/sun-sea-sand-hotel\/#primaryimage\"},\"image\":{\"@id\":\"https:\/\/www.fairwaysofeden.com\/product\/sun-sea-sand-hotel\/#primaryimage\"},\"thumbnailUrl\":\"https:\/\/www.fairwaysofeden.com\/wp-content\/uploads\/2025\/02\/Sea-Sun-Sand-Hotel-5.jpg\",\"datePublished\":\"2025-02-09T15:03:44+00:00\",\"dateModified\":\"2025-07-18T03:34:56+00:00\",\"description\":\"Sea Sun Sand Hotel offers peaceful rooms in the heart of Patong and quick access to top golf Courses. A flexible base for your golf holiday in Phuket.\",\"breadcrumb\":{\"@id\":\"https:\/\/www.fairwaysofeden.com\/product\/sun-sea-sand-hotel\/#breadcrumb\"},\"inLanguage\":\"vi\",\"potentialAction\":[{\"@type\":\"ReadAction\",\"target\":[\"https:\/\/www.fairwaysofeden.com\/product\/sun-sea-sand-hotel\/\"]}]},{\"@type\":\"ImageObject\",\"inLanguage\":\"vi\",\"@id\":\"https:\/\/www.fairwaysofeden.com\/product\/sun-sea-sand-hotel\/#primaryimage\",\"url\":\"https:\/\/www.fairwaysofeden.com\/wp-content\/uploads\/2025\/02\/Sea-Sun-Sand-Hotel-5.jpg\",\"contentUrl\":\"https:\/\/www.fairwaysofeden.com\/wp-content\/uploads\/2025\/02\/Sea-Sun-Sand-Hotel-5.jpg\",\"width\":600,\"height\":400,\"caption\":\"Sea Sun Sand Hotel Pool on the rooftop. perfect for your Golf Trip\"},{\"@type\":\"BreadcrumbList\",\"@id\":\"https:\/\/www.fairwaysofeden.com\/product\/sun-sea-sand-hotel\/#breadcrumb\",\"itemListElement\":[{\"@type\":\"ListItem\",\"position\":1,\"name\":\"Home\",\"item\":\"https:\/\/www.fairwaysofeden.com\/\"},{\"@type\":\"ListItem\",\"position\":2,\"name\":\"Sun Sea Sand Hotel \u2605\u2605\u2605\"}]},{\"@type\":\"WebSite\",\"@id\":\"https:\/\/www.fairwaysofeden.com\/#website\",\"url\":\"https:\/\/www.fairwaysofeden.com\/\",\"name\":\"Fairways of Eden\",\"description\":\"Book Tee Times &amp; Golf Trips to Thailand\",\"publisher\":{\"@id\":\"https:\/\/www.fairwaysofeden.com\/#organization\"},\"potentialAction\":[{\"@type\":\"SearchAction\",\"target\":{\"@type\":\"EntryPoint\",\"urlTemplate\":\"https:\/\/www.fairwaysofeden.com\/?s={search_term_string}\"},\"query-input\":{\"@type\":\"PropertyValueSpecification\",\"valueRequired\":true,\"valueName\":\"search_term_string\"}}],\"inLanguage\":\"vi\"},{\"@type\":\"Organization\",\"@id\":\"https:\/\/www.fairwaysofeden.com\/#organization\",\"name\":\"Fairways of Eden\",\"url\":\"https:\/\/www.fairwaysofeden.com\/\",\"logo\":{\"@type\":\"ImageObject\",\"inLanguage\":\"vi\",\"@id\":\"https:\/\/www.fairwaysofeden.com\/#\/schema\/logo\/image\/\",\"url\":\"https:\/\/www.fairwaysofeden.com\/wp-content\/uploads\/2024\/07\/FairwaysOfEden-Logo-400x400-1.png\",\"contentUrl\":\"https:\/\/www.fairwaysofeden.com\/wp-content\/uploads\/2024\/07\/FairwaysOfEden-Logo-400x400-1.png\",\"width\":400,\"height\":387,\"caption\":\"Fairways of Eden\"},\"image\":{\"@id\":\"https:\/\/www.fairwaysofeden.com\/#\/schema\/logo\/image\/\"},\"sameAs\":[\"https:\/\/www.facebook.com\/people\/Fairways-of-Eden\/61560298346080\/\",\"https:\/\/www.instagram.com\/fairwaysofeden\/\",\"https:\/\/th.linkedin.com\/company\/fairways-of-eden\",\"https:\/\/www.tiktok.com\/@fairways.of.eden\"]}]}<\/script>\n<!-- \/ Yoast SEO plugin. -->","yoast_head_json":{"title":"Sea Sun Sand Hotel - Affordable Stay for Your Phuket Golf Holiday","description":"Sea Sun Sand Hotel offers peaceful rooms in the heart of Patong and quick access to top golf Courses. A flexible base for your golf holiday in Phuket.","robots":{"index":"noindex","follow":"follow"},"og_locale":"vi_VN","og_type":"article","og_title":"Sea Sun Sand Hotel - Affordable Stay for Your Phuket Golf Holiday","og_description":"Sea Sun Sand Hotel offers peaceful rooms in the heart of Patong and quick access to top golf Courses. A flexible base for your golf holiday in Phuket.","og_url":"https:\/\/www.fairwaysofeden.com\/vi\/product\/sun-sea-sand-hotel\/","og_site_name":"Fairways of Eden","article_publisher":"https:\/\/www.facebook.com\/people\/Fairways-of-Eden\/61560298346080\/","article_modified_time":"2025-07-18T03:34:56+00:00","og_image":[{"width":600,"height":400,"url":"https:\/\/www.fairwaysofeden.com\/wp-content\/uploads\/2025\/02\/Sea-Sun-Sand-Hotel-5.jpg","type":"image\/jpeg"}],"twitter_card":"summary_large_image","twitter_misc":{"\u01af\u1edbc t\u00ednh th\u1eddi gian \u0111\u1ecdc":"3 ph\u00fat"},"schema":{"@context":"https:\/\/schema.org","@graph":[{"@type":"WebPage","@id":"https:\/\/www.fairwaysofeden.com\/product\/sun-sea-sand-hotel\/","url":"https:\/\/www.fairwaysofeden.com\/product\/sun-sea-sand-hotel\/","name":"Sea Sun Sand Hotel - Affordable Stay for Your Phuket Golf Holiday","isPartOf":{"@id":"https:\/\/www.fairwaysofeden.com\/#website"},"primaryImageOfPage":{"@id":"https:\/\/www.fairwaysofeden.com\/product\/sun-sea-sand-hotel\/#primaryimage"},"image":{"@id":"https:\/\/www.fairwaysofeden.com\/product\/sun-sea-sand-hotel\/#primaryimage"},"thumbnailUrl":"https:\/\/www.fairwaysofeden.com\/wp-content\/uploads\/2025\/02\/Sea-Sun-Sand-Hotel-5.jpg","datePublished":"2025-02-09T15:03:44+00:00","dateModified":"2025-07-18T03:34:56+00:00","description":"Sea Sun Sand Hotel offers peaceful rooms in the heart of Patong and quick access to top golf Courses. A flexible base for your golf holiday in Phuket.","breadcrumb":{"@id":"https:\/\/www.fairwaysofeden.com\/product\/sun-sea-sand-hotel\/#breadcrumb"},"inLanguage":"vi","potentialAction":[{"@type":"ReadAction","target":["https:\/\/www.fairwaysofeden.com\/product\/sun-sea-sand-hotel\/"]}]},{"@type":"ImageObject","inLanguage":"vi","@id":"https:\/\/www.fairwaysofeden.com\/product\/sun-sea-sand-hotel\/#primaryimage","url":"https:\/\/www.fairwaysofeden.com\/wp-content\/uploads\/2025\/02\/Sea-Sun-Sand-Hotel-5.jpg","contentUrl":"https:\/\/www.fairwaysofeden.com\/wp-content\/uploads\/2025\/02\/Sea-Sun-Sand-Hotel-5.jpg","width":600,"height":400,"caption":"Sea Sun Sand Hotel Pool on the rooftop. perfect for your Golf Trip"},{"@type":"BreadcrumbList","@id":"https:\/\/www.fairwaysofeden.com\/product\/sun-sea-sand-hotel\/#breadcrumb","itemListElement":[{"@type":"ListItem","position":1,"name":"Home","item":"https:\/\/www.fairwaysofeden.com\/"},{"@type":"ListItem","position":2,"name":"Sun Sea Sand Hotel \u2605\u2605\u2605"}]},{"@type":"WebSite","@id":"https:\/\/www.fairwaysofeden.com\/#website","url":"https:\/\/www.fairwaysofeden.com\/","name":"Fairways of Eden","description":"Book Tee Times &amp; Golf Trips to Thailand","publisher":{"@id":"https:\/\/www.fairwaysofeden.com\/#organization"},"potentialAction":[{"@type":"SearchAction","target":{"@type":"EntryPoint","urlTemplate":"https:\/\/www.fairwaysofeden.com\/?s={search_term_string}"},"query-input":{"@type":"PropertyValueSpecification","valueRequired":true,"valueName":"search_term_string"}}],"inLanguage":"vi"},{"@type":"Organization","@id":"https:\/\/www.fairwaysofeden.com\/#organization","name":"Fairways of Eden","url":"https:\/\/www.fairwaysofeden.com\/","logo":{"@type":"ImageObject","inLanguage":"vi","@id":"https:\/\/www.fairwaysofeden.com\/#\/schema\/logo\/image\/","url":"https:\/\/www.fairwaysofeden.com\/wp-content\/uploads\/2024\/07\/FairwaysOfEden-Logo-400x400-1.png","contentUrl":"https:\/\/www.fairwaysofeden.com\/wp-content\/uploads\/2024\/07\/FairwaysOfEden-Logo-400x400-1.png","width":400,"height":387,"caption":"Fairways of Eden"},"image":{"@id":"https:\/\/www.fairwaysofeden.com\/#\/schema\/logo\/image\/"},"sameAs":["https:\/\/www.facebook.com\/people\/Fairways-of-Eden\/61560298346080\/","https:\/\/www.instagram.com\/fairwaysofeden\/","https:\/\/th.linkedin.com\/company\/fairways-of-eden","https:\/\/www.tiktok.com\/@fairways.of.eden"]}]}},"_links":{"self":[{"href":"https:\/\/www.fairwaysofeden.com\/vi\/wp-json\/wp\/v2\/product\/2249","targetHints":{"allow":["GET"]}}],"collection":[{"href":"https:\/\/www.fairwaysofeden.com\/vi\/wp-json\/wp\/v2\/product"}],"about":[{"href":"https:\/\/www.fairwaysofeden.com\/vi\/wp-json\/wp\/v2\/types\/product"}],"replies":[{"embeddable":true,"href":"https:\/\/www.fairwaysofeden.com\/vi\/wp-json\/wp\/v2\/comments?post=2249"}],"wp:featuredmedia":[{"embeddable":true,"href":"https:\/\/www.fairwaysofeden.com\/vi\/wp-json\/wp\/v2\/media\/2251"}],"wp:attachment":[{"href":"https:\/\/www.fairwaysofeden.com\/vi\/wp-json\/wp\/v2\/media?parent=2249"}],"wp:term":[{"taxonomy":"product_brand","embeddable":true,"href":"https:\/\/www.fairwaysofeden.com\/vi\/wp-json\/wp\/v2\/product_brand?post=2249"},{"taxonomy":"product_cat","embeddable":true,"href":"https:\/\/www.fairwaysofeden.com\/vi\/wp-json\/wp\/v2\/product_cat?post=2249"},{"taxonomy":"product_tag","embeddable":true,"href":"https:\/\/www.fairwaysofeden.com\/vi\/wp-json\/wp\/v2\/product_tag?post=2249"}],"curies":[{"name":"wp","href":"https:\/\/api.w.org\/{rel}","templated":true}]}}